{"id":42489,"date":"2022-01-31T16:14:58","date_gmt":"2022-01-31T15:14:58","guid":{"rendered":"https:\/\/test1.bike-express.ch\/new\/produit\/scheibe-people-gti-kpl-y9801\/"},"modified":"2025-01-29T11:35:25","modified_gmt":"2025-01-29T10:35:25","slug":"scheibe-people-gti-kpl-y9801","status":"publish","type":"product","link":"https:\/\/bike-express.ch\/de\/produit\/scheibe-people-gti-kpl-y9801\/","title":{"rendered":"SCHEIBE PEOPLE GTi KPL."},"content":{"rendered":"<p>SCHEIBE PEOPLE GTi KPL.<\/p>\n","protected":false},"excerpt":{"rendered":"<p>SCHEIBE PEOPLE GTi KPL.<\/p>\n","protected":false},"featured_media":303090,"template":"","meta":[],"product_brand":[],"product_cat":[12092,117963,116169],"product_tag":[],"class_list":{"0":"post-42489","1":"product","2":"type-product","3":"status-publish","4":"has-post-thumbnail","6":"product_cat-fahrrad-bekleidung-ausrustung-de","7":"product_cat-pare-brise","8":"product_cat-vetements-et-equipements","10":"first","11":"instock","12":"taxable","13":"shipping-taxable","14":"purchasable","15":"product-type-simple"},"yoast_head":"<!-- This site is optimized with the Yoast SEO plugin v27.1.1 - https:\/\/yoast.com\/product\/yoast-seo-wordpress\/ -->\n<title>SCHEIBE PEOPLE GTi KPL. - Bike Express<\/title>\n<meta name=\"robots\" content=\"index,follow\" \/>\n<link rel=\"canonical\" href=\"https:\/\/bike-express.ch\/de\/produit\/scheibe-people-gti-kpl-y9801\/\" \/>\n<meta property=\"og:locale\" content=\"de_DE\" \/>\n<meta property=\"og:type\" content=\"article\" \/>\n<meta property=\"og:title\" content=\"SCHEIBE PEOPLE GTi KPL. - Bike Express\" \/>\n<meta property=\"og:description\" content=\"SCHEIBE PEOPLE GTi KPL.\" \/>\n<meta property=\"og:url\" content=\"https:\/\/bike-express.ch\/de\/produit\/scheibe-people-gti-kpl-y9801\/\" \/>\n<meta property=\"og:site_name\" content=\"Bike Express\" \/>\n<meta property=\"article:modified_time\" content=\"2025-01-29T10:35:25+00:00\" \/>\n<meta property=\"og:image\" content=\"https:\/\/bike-express.ch\/wp-content\/uploads\/2024\/08\/Y9801.JPG\" \/>\n\t<meta property=\"og:image:width\" content=\"227\" \/>\n\t<meta property=\"og:image:height\" content=\"250\" \/>\n\t<meta property=\"og:image:type\" content=\"image\/jpeg\" \/>\n<meta name=\"twitter:card\" content=\"summary_large_image\" \/>\n<script type=\"application\/ld+json\" class=\"yoast-schema-graph\">{\"@context\":\"https:\/\/schema.org\",\"@graph\":[{\"@type\":\"WebPage\",\"@id\":\"https:\/\/bike-express.ch\/de\/produit\/scheibe-people-gti-kpl-y9801\/\",\"url\":\"https:\/\/bike-express.ch\/de\/produit\/scheibe-people-gti-kpl-y9801\/\",\"name\":\"SCHEIBE PEOPLE GTi KPL. - Bike Express\",\"isPartOf\":{\"@id\":\"https:\/\/bike-express.ch\/de\/#website\"},\"primaryImageOfPage\":{\"@id\":\"https:\/\/bike-express.ch\/de\/produit\/scheibe-people-gti-kpl-y9801\/#primaryimage\"},\"image\":{\"@id\":\"https:\/\/bike-express.ch\/de\/produit\/scheibe-people-gti-kpl-y9801\/#primaryimage\"},\"thumbnailUrl\":\"https:\/\/bike-express.ch\/wp-content\/uploads\/2024\/08\/Y9801.JPG\",\"datePublished\":\"2022-01-31T15:14:58+00:00\",\"dateModified\":\"2025-01-29T10:35:25+00:00\",\"breadcrumb\":{\"@id\":\"https:\/\/bike-express.ch\/de\/produit\/scheibe-people-gti-kpl-y9801\/#breadcrumb\"},\"inLanguage\":\"de\",\"potentialAction\":[{\"@type\":\"ReadAction\",\"target\":[\"https:\/\/bike-express.ch\/de\/produit\/scheibe-people-gti-kpl-y9801\/\"]}]},{\"@type\":\"ImageObject\",\"inLanguage\":\"de\",\"@id\":\"https:\/\/bike-express.ch\/de\/produit\/scheibe-people-gti-kpl-y9801\/#primaryimage\",\"url\":\"https:\/\/bike-express.ch\/wp-content\/uploads\/2024\/08\/Y9801.JPG\",\"contentUrl\":\"https:\/\/bike-express.ch\/wp-content\/uploads\/2024\/08\/Y9801.JPG\",\"width\":227,\"height\":250},{\"@type\":\"BreadcrumbList\",\"@id\":\"https:\/\/bike-express.ch\/de\/produit\/scheibe-people-gti-kpl-y9801\/#breadcrumb\",\"itemListElement\":[{\"@type\":\"ListItem\",\"position\":1,\"name\":\"Accueil\",\"item\":\"https:\/\/bike-express.ch\/de\/\"},{\"@type\":\"ListItem\",\"position\":2,\"name\":\"Unsere Produkte\",\"item\":\"https:\/\/bike-express.ch\/de\/unsere-produkte\/\"},{\"@type\":\"ListItem\",\"position\":3,\"name\":\"Elektromotorrad\",\"item\":\"https:\/\/bike-express.ch\/de\/categorie-produit\/elektromotorrad-de\/\"},{\"@type\":\"ListItem\",\"position\":4,\"name\":\"Zubeh\u00f6r\",\"item\":\"https:\/\/bike-express.ch\/de\/categorie-produit\/elektromotorrad-de\/zubehor-3-de\/\"},{\"@type\":\"ListItem\",\"position\":5,\"name\":\"Windschutzscheibe\",\"item\":\"https:\/\/bike-express.ch\/de\/categorie-produit\/windschutzscheibe-de\/\"},{\"@type\":\"ListItem\",\"position\":6,\"name\":\"SCHEIBE PEOPLE GTi KPL.\"}]},{\"@type\":\"WebSite\",\"@id\":\"https:\/\/bike-express.ch\/de\/#website\",\"url\":\"https:\/\/bike-express.ch\/de\/\",\"name\":\"Bike Express\",\"description\":\"Num\u00e9ro 1 des pi\u00e8ces de v\u00e9los en Suisse\",\"potentialAction\":[{\"@type\":\"SearchAction\",\"target\":{\"@type\":\"EntryPoint\",\"urlTemplate\":\"https:\/\/bike-express.ch\/de\/?s={search_term_string}\"},\"query-input\":{\"@type\":\"PropertyValueSpecification\",\"valueRequired\":true,\"valueName\":\"search_term_string\"}}],\"inLanguage\":\"de\"}]}<\/script>\n<!-- \/ Yoast SEO plugin. -->","yoast_head_json":{"title":"SCHEIBE PEOPLE GTi KPL. - Bike Express","robots":{"index,follow":"index,follow"},"canonical":"https:\/\/bike-express.ch\/de\/produit\/scheibe-people-gti-kpl-y9801\/","og_locale":"de_DE","og_type":"article","og_title":"SCHEIBE PEOPLE GTi KPL. - Bike Express","og_description":"SCHEIBE PEOPLE GTi KPL.","og_url":"https:\/\/bike-express.ch\/de\/produit\/scheibe-people-gti-kpl-y9801\/","og_site_name":"Bike Express","article_modified_time":"2025-01-29T10:35:25+00:00","og_image":[{"width":227,"height":250,"url":"https:\/\/bike-express.ch\/wp-content\/uploads\/2024\/08\/Y9801.JPG","type":"image\/jpeg"}],"twitter_card":"summary_large_image","schema":{"@context":"https:\/\/schema.org","@graph":[{"@type":"WebPage","@id":"https:\/\/bike-express.ch\/de\/produit\/scheibe-people-gti-kpl-y9801\/","url":"https:\/\/bike-express.ch\/de\/produit\/scheibe-people-gti-kpl-y9801\/","name":"SCHEIBE PEOPLE GTi KPL. - Bike Express","isPartOf":{"@id":"https:\/\/bike-express.ch\/de\/#website"},"primaryImageOfPage":{"@id":"https:\/\/bike-express.ch\/de\/produit\/scheibe-people-gti-kpl-y9801\/#primaryimage"},"image":{"@id":"https:\/\/bike-express.ch\/de\/produit\/scheibe-people-gti-kpl-y9801\/#primaryimage"},"thumbnailUrl":"https:\/\/bike-express.ch\/wp-content\/uploads\/2024\/08\/Y9801.JPG","datePublished":"2022-01-31T15:14:58+00:00","dateModified":"2025-01-29T10:35:25+00:00","breadcrumb":{"@id":"https:\/\/bike-express.ch\/de\/produit\/scheibe-people-gti-kpl-y9801\/#breadcrumb"},"inLanguage":"de","potentialAction":[{"@type":"ReadAction","target":["https:\/\/bike-express.ch\/de\/produit\/scheibe-people-gti-kpl-y9801\/"]}]},{"@type":"ImageObject","inLanguage":"de","@id":"https:\/\/bike-express.ch\/de\/produit\/scheibe-people-gti-kpl-y9801\/#primaryimage","url":"https:\/\/bike-express.ch\/wp-content\/uploads\/2024\/08\/Y9801.JPG","contentUrl":"https:\/\/bike-express.ch\/wp-content\/uploads\/2024\/08\/Y9801.JPG","width":227,"height":250},{"@type":"BreadcrumbList","@id":"https:\/\/bike-express.ch\/de\/produit\/scheibe-people-gti-kpl-y9801\/#breadcrumb","itemListElement":[{"@type":"ListItem","position":1,"name":"Accueil","item":"https:\/\/bike-express.ch\/de\/"},{"@type":"ListItem","position":2,"name":"Unsere Produkte","item":"https:\/\/bike-express.ch\/de\/unsere-produkte\/"},{"@type":"ListItem","position":3,"name":"Elektromotorrad","item":"https:\/\/bike-express.ch\/de\/categorie-produit\/elektromotorrad-de\/"},{"@type":"ListItem","position":4,"name":"Zubeh\u00f6r","item":"https:\/\/bike-express.ch\/de\/categorie-produit\/elektromotorrad-de\/zubehor-3-de\/"},{"@type":"ListItem","position":5,"name":"Windschutzscheibe","item":"https:\/\/bike-express.ch\/de\/categorie-produit\/windschutzscheibe-de\/"},{"@type":"ListItem","position":6,"name":"SCHEIBE PEOPLE GTi KPL."}]},{"@type":"WebSite","@id":"https:\/\/bike-express.ch\/de\/#website","url":"https:\/\/bike-express.ch\/de\/","name":"Bike Express","description":"Num\u00e9ro 1 des pi\u00e8ces de v\u00e9los en Suisse","potentialAction":[{"@type":"SearchAction","target":{"@type":"EntryPoint","urlTemplate":"https:\/\/bike-express.ch\/de\/?s={search_term_string}"},"query-input":{"@type":"PropertyValueSpecification","valueRequired":true,"valueName":"search_term_string"}}],"inLanguage":"de"}]}},"_links":{"self":[{"href":"https:\/\/bike-express.ch\/de\/wp-json\/wp\/v2\/product\/42489","targetHints":{"allow":["GET"]}}],"collection":[{"href":"https:\/\/bike-express.ch\/de\/wp-json\/wp\/v2\/product"}],"about":[{"href":"https:\/\/bike-express.ch\/de\/wp-json\/wp\/v2\/types\/product"}],"wp:featuredmedia":[{"embeddable":true,"href":"https:\/\/bike-express.ch\/de\/wp-json\/wp\/v2\/media\/303090"}],"wp:attachment":[{"href":"https:\/\/bike-express.ch\/de\/wp-json\/wp\/v2\/media?parent=42489"}],"wp:term":[{"taxonomy":"product_brand","embeddable":true,"href":"https:\/\/bike-express.ch\/de\/wp-json\/wp\/v2\/product_brand?post=42489"},{"taxonomy":"product_cat","embeddable":true,"href":"https:\/\/bike-express.ch\/de\/wp-json\/wp\/v2\/product_cat?post=42489"},{"taxonomy":"product_tag","embeddable":true,"href":"https:\/\/bike-express.ch\/de\/wp-json\/wp\/v2\/product_tag?post=42489"}],"curies":[{"name":"wp","href":"https:\/\/api.w.org\/{rel}","templated":true}]}}