{"id":424944,"date":"2026-03-10T15:16:19","date_gmt":"2026-03-10T14:16:19","guid":{"rendered":"https:\/\/bike-express.ch\/?post_type=product&#038;p=424944"},"modified":"2026-03-10T15:16:19","modified_gmt":"2026-03-10T14:16:19","slug":"ixf-9-7-chrome-matte-carbon-17-5-m","status":"publish","type":"product","link":"https:\/\/bike-express.ch\/de\/produit\/ixf-9-7-chrome-matte-carbon-17-5-m\/","title":{"rendered":"iXF 9.7 Chrome\/Matte Carbon 17.5&#8242; (M)"},"content":{"rendered":"<p>iXF 9.7 Chrome\/Matte Carbon 17.5&#8242; (M)<\/p>\n","protected":false},"excerpt":{"rendered":"<p>iXF 9.7 Chrome\/Matte Carbon 17.5&#8242; (M)<\/p>\n","protected":false},"featured_media":424945,"template":"","meta":[],"product_brand":[],"product_cat":[11831,117697],"product_tag":[],"class_list":{"0":"post-424944","1":"product","2":"type-product","3":"status-publish","4":"has-post-thumbnail","6":"product_cat-fahrrad-fahrrader-de","7":"product_cat-light-ixf-e-mtb-bosch","9":"first","10":"instock","11":"taxable","12":"shipping-taxable","13":"purchasable","14":"product-type-simple"},"yoast_head":"<!-- This site is optimized with the Yoast SEO plugin v27.1.1 - https:\/\/yoast.com\/product\/yoast-seo-wordpress\/ -->\n<title>iXF 9.7 Chrome\/Matte Carbon 17.5&#039; (M) - Bike Express<\/title>\n<meta name=\"robots\" content=\"index,follow\" \/>\n<link rel=\"canonical\" href=\"https:\/\/bike-express.ch\/de\/produit\/ixf-9-7-chrome-matte-carbon-17-5-m\/\" \/>\n<meta property=\"og:locale\" content=\"de_DE\" \/>\n<meta property=\"og:type\" content=\"article\" \/>\n<meta property=\"og:title\" content=\"iXF 9.7 Chrome\/Matte Carbon 17.5&#039; (M) - Bike Express\" \/>\n<meta property=\"og:description\" content=\"iXF 9.7 Chrome\/Matte Carbon 17.5&#8242; (M)\" \/>\n<meta property=\"og:url\" content=\"https:\/\/bike-express.ch\/de\/produit\/ixf-9-7-chrome-matte-carbon-17-5-m\/\" \/>\n<meta property=\"og:site_name\" content=\"Bike Express\" \/>\n<meta property=\"og:image\" content=\"https:\/\/bike-express.ch\/wp-content\/uploads\/2026\/03\/WG2401B.jpg\" \/>\n\t<meta property=\"og:image:width\" content=\"800\" \/>\n\t<meta property=\"og:image:height\" content=\"490\" \/>\n\t<meta property=\"og:image:type\" content=\"image\/jpeg\" \/>\n<meta name=\"twitter:card\" content=\"summary_large_image\" \/>\n<script type=\"application\/ld+json\" class=\"yoast-schema-graph\">{\"@context\":\"https:\/\/schema.org\",\"@graph\":[{\"@type\":\"WebPage\",\"@id\":\"https:\/\/bike-express.ch\/de\/produit\/ixf-9-7-chrome-matte-carbon-17-5-m\/\",\"url\":\"https:\/\/bike-express.ch\/de\/produit\/ixf-9-7-chrome-matte-carbon-17-5-m\/\",\"name\":\"iXF 9.7 Chrome\/Matte Carbon 17.5' (M) - Bike Express\",\"isPartOf\":{\"@id\":\"https:\/\/bike-express.ch\/de\/#website\"},\"primaryImageOfPage\":{\"@id\":\"https:\/\/bike-express.ch\/de\/produit\/ixf-9-7-chrome-matte-carbon-17-5-m\/#primaryimage\"},\"image\":{\"@id\":\"https:\/\/bike-express.ch\/de\/produit\/ixf-9-7-chrome-matte-carbon-17-5-m\/#primaryimage\"},\"thumbnailUrl\":\"https:\/\/bike-express.ch\/wp-content\/uploads\/2026\/03\/WG2401B.jpg\",\"datePublished\":\"2026-03-10T14:16:19+00:00\",\"breadcrumb\":{\"@id\":\"https:\/\/bike-express.ch\/de\/produit\/ixf-9-7-chrome-matte-carbon-17-5-m\/#breadcrumb\"},\"inLanguage\":\"de\",\"potentialAction\":[{\"@type\":\"ReadAction\",\"target\":[\"https:\/\/bike-express.ch\/de\/produit\/ixf-9-7-chrome-matte-carbon-17-5-m\/\"]}]},{\"@type\":\"ImageObject\",\"inLanguage\":\"de\",\"@id\":\"https:\/\/bike-express.ch\/de\/produit\/ixf-9-7-chrome-matte-carbon-17-5-m\/#primaryimage\",\"url\":\"https:\/\/bike-express.ch\/wp-content\/uploads\/2026\/03\/WG2401B.jpg\",\"contentUrl\":\"https:\/\/bike-express.ch\/wp-content\/uploads\/2026\/03\/WG2401B.jpg\",\"width\":800,\"height\":490},{\"@type\":\"BreadcrumbList\",\"@id\":\"https:\/\/bike-express.ch\/de\/produit\/ixf-9-7-chrome-matte-carbon-17-5-m\/#breadcrumb\",\"itemListElement\":[{\"@type\":\"ListItem\",\"position\":1,\"name\":\"Accueil\",\"item\":\"https:\/\/bike-express.ch\/de\/\"},{\"@type\":\"ListItem\",\"position\":2,\"name\":\"Unsere Produkte\",\"item\":\"https:\/\/bike-express.ch\/de\/unsere-produkte\/\"},{\"@type\":\"ListItem\",\"position\":3,\"name\":\"iXF 9.7 Chrome\/Matte Carbon 17.5&prime; (M)\"}]},{\"@type\":\"WebSite\",\"@id\":\"https:\/\/bike-express.ch\/de\/#website\",\"url\":\"https:\/\/bike-express.ch\/de\/\",\"name\":\"Bike Express\",\"description\":\"Num\u00e9ro 1 des pi\u00e8ces de v\u00e9los en Suisse\",\"potentialAction\":[{\"@type\":\"SearchAction\",\"target\":{\"@type\":\"EntryPoint\",\"urlTemplate\":\"https:\/\/bike-express.ch\/de\/?s={search_term_string}\"},\"query-input\":{\"@type\":\"PropertyValueSpecification\",\"valueRequired\":true,\"valueName\":\"search_term_string\"}}],\"inLanguage\":\"de\"}]}<\/script>\n<!-- \/ Yoast SEO plugin. -->","yoast_head_json":{"title":"iXF 9.7 Chrome\/Matte Carbon 17.5' (M) - Bike Express","robots":{"index,follow":"index,follow"},"canonical":"https:\/\/bike-express.ch\/de\/produit\/ixf-9-7-chrome-matte-carbon-17-5-m\/","og_locale":"de_DE","og_type":"article","og_title":"iXF 9.7 Chrome\/Matte Carbon 17.5' (M) - Bike Express","og_description":"iXF 9.7 Chrome\/Matte Carbon 17.5&#8242; (M)","og_url":"https:\/\/bike-express.ch\/de\/produit\/ixf-9-7-chrome-matte-carbon-17-5-m\/","og_site_name":"Bike Express","og_image":[{"width":800,"height":490,"url":"https:\/\/bike-express.ch\/wp-content\/uploads\/2026\/03\/WG2401B.jpg","type":"image\/jpeg"}],"twitter_card":"summary_large_image","schema":{"@context":"https:\/\/schema.org","@graph":[{"@type":"WebPage","@id":"https:\/\/bike-express.ch\/de\/produit\/ixf-9-7-chrome-matte-carbon-17-5-m\/","url":"https:\/\/bike-express.ch\/de\/produit\/ixf-9-7-chrome-matte-carbon-17-5-m\/","name":"iXF 9.7 Chrome\/Matte Carbon 17.5' (M) - Bike Express","isPartOf":{"@id":"https:\/\/bike-express.ch\/de\/#website"},"primaryImageOfPage":{"@id":"https:\/\/bike-express.ch\/de\/produit\/ixf-9-7-chrome-matte-carbon-17-5-m\/#primaryimage"},"image":{"@id":"https:\/\/bike-express.ch\/de\/produit\/ixf-9-7-chrome-matte-carbon-17-5-m\/#primaryimage"},"thumbnailUrl":"https:\/\/bike-express.ch\/wp-content\/uploads\/2026\/03\/WG2401B.jpg","datePublished":"2026-03-10T14:16:19+00:00","breadcrumb":{"@id":"https:\/\/bike-express.ch\/de\/produit\/ixf-9-7-chrome-matte-carbon-17-5-m\/#breadcrumb"},"inLanguage":"de","potentialAction":[{"@type":"ReadAction","target":["https:\/\/bike-express.ch\/de\/produit\/ixf-9-7-chrome-matte-carbon-17-5-m\/"]}]},{"@type":"ImageObject","inLanguage":"de","@id":"https:\/\/bike-express.ch\/de\/produit\/ixf-9-7-chrome-matte-carbon-17-5-m\/#primaryimage","url":"https:\/\/bike-express.ch\/wp-content\/uploads\/2026\/03\/WG2401B.jpg","contentUrl":"https:\/\/bike-express.ch\/wp-content\/uploads\/2026\/03\/WG2401B.jpg","width":800,"height":490},{"@type":"BreadcrumbList","@id":"https:\/\/bike-express.ch\/de\/produit\/ixf-9-7-chrome-matte-carbon-17-5-m\/#breadcrumb","itemListElement":[{"@type":"ListItem","position":1,"name":"Accueil","item":"https:\/\/bike-express.ch\/de\/"},{"@type":"ListItem","position":2,"name":"Unsere Produkte","item":"https:\/\/bike-express.ch\/de\/unsere-produkte\/"},{"@type":"ListItem","position":3,"name":"iXF 9.7 Chrome\/Matte Carbon 17.5&prime; (M)"}]},{"@type":"WebSite","@id":"https:\/\/bike-express.ch\/de\/#website","url":"https:\/\/bike-express.ch\/de\/","name":"Bike Express","description":"Num\u00e9ro 1 des pi\u00e8ces de v\u00e9los en Suisse","potentialAction":[{"@type":"SearchAction","target":{"@type":"EntryPoint","urlTemplate":"https:\/\/bike-express.ch\/de\/?s={search_term_string}"},"query-input":{"@type":"PropertyValueSpecification","valueRequired":true,"valueName":"search_term_string"}}],"inLanguage":"de"}]}},"_links":{"self":[{"href":"https:\/\/bike-express.ch\/de\/wp-json\/wp\/v2\/product\/424944","targetHints":{"allow":["GET"]}}],"collection":[{"href":"https:\/\/bike-express.ch\/de\/wp-json\/wp\/v2\/product"}],"about":[{"href":"https:\/\/bike-express.ch\/de\/wp-json\/wp\/v2\/types\/product"}],"wp:featuredmedia":[{"embeddable":true,"href":"https:\/\/bike-express.ch\/de\/wp-json\/wp\/v2\/media\/424945"}],"wp:attachment":[{"href":"https:\/\/bike-express.ch\/de\/wp-json\/wp\/v2\/media?parent=424944"}],"wp:term":[{"taxonomy":"product_brand","embeddable":true,"href":"https:\/\/bike-express.ch\/de\/wp-json\/wp\/v2\/product_brand?post=424944"},{"taxonomy":"product_cat","embeddable":true,"href":"https:\/\/bike-express.ch\/de\/wp-json\/wp\/v2\/product_cat?post=424944"},{"taxonomy":"product_tag","embeddable":true,"href":"https:\/\/bike-express.ch\/de\/wp-json\/wp\/v2\/product_tag?post=424944"}],"curies":[{"name":"wp","href":"https:\/\/api.w.org\/{rel}","templated":true}]}}