{"id":425902,"date":"2026-03-10T15:21:55","date_gmt":"2026-03-10T14:21:55","guid":{"rendered":"https:\/\/bike-express.ch\/?post_type=product&#038;p=425902"},"modified":"2026-03-10T15:21:55","modified_gmt":"2026-03-10T14:21:55","slug":"ga-9-3-gloss-black-520mm-m","status":"publish","type":"product","link":"https:\/\/bike-express.ch\/de\/produit\/ga-9-3-gloss-black-520mm-m\/","title":{"rendered":"GA 9.3 Gloss Black 520mm (M)"},"content":{"rendered":"<p>GA 9.3 Gloss Black 520mm (M)<\/p>\n","protected":false},"excerpt":{"rendered":"<p>GA 9.3 Gloss Black 520mm (M)<\/p>\n","protected":false},"featured_media":425903,"template":"","meta":[],"product_brand":[],"product_cat":[11831,11945,116883],"product_tag":[],"class_list":{"0":"post-425902","1":"product","2":"type-product","3":"status-publish","4":"has-post-thumbnail","6":"product_cat-fahrrad-fahrrader-de","7":"product_cat-fahrrad-laufr-gravel-de","8":"product_cat-gravel","10":"first","11":"instock","12":"taxable","13":"shipping-taxable","14":"purchasable","15":"product-type-simple"},"yoast_head":"<!-- This site is optimized with the Yoast SEO plugin v27.1.1 - https:\/\/yoast.com\/product\/yoast-seo-wordpress\/ -->\n<title>GA 9.3 Gloss Black 520mm (M) - Bike Express<\/title>\n<meta name=\"robots\" content=\"index,follow\" \/>\n<link rel=\"canonical\" href=\"https:\/\/bike-express.ch\/de\/produit\/ga-9-3-gloss-black-520mm-m\/\" \/>\n<meta property=\"og:locale\" content=\"de_DE\" \/>\n<meta property=\"og:type\" content=\"article\" \/>\n<meta property=\"og:title\" content=\"GA 9.3 Gloss Black 520mm (M) - Bike Express\" \/>\n<meta property=\"og:description\" content=\"GA 9.3 Gloss Black 520mm (M)\" \/>\n<meta property=\"og:url\" content=\"https:\/\/bike-express.ch\/de\/produit\/ga-9-3-gloss-black-520mm-m\/\" \/>\n<meta property=\"og:site_name\" content=\"Bike Express\" \/>\n<meta property=\"og:image\" content=\"https:\/\/bike-express.ch\/wp-content\/uploads\/2026\/03\/WG2452B.jpg\" \/>\n\t<meta property=\"og:image:width\" content=\"800\" \/>\n\t<meta property=\"og:image:height\" content=\"450\" \/>\n\t<meta property=\"og:image:type\" content=\"image\/jpeg\" \/>\n<meta name=\"twitter:card\" content=\"summary_large_image\" \/>\n<script type=\"application\/ld+json\" class=\"yoast-schema-graph\">{\"@context\":\"https:\/\/schema.org\",\"@graph\":[{\"@type\":\"WebPage\",\"@id\":\"https:\/\/bike-express.ch\/de\/produit\/ga-9-3-gloss-black-520mm-m\/\",\"url\":\"https:\/\/bike-express.ch\/de\/produit\/ga-9-3-gloss-black-520mm-m\/\",\"name\":\"GA 9.3 Gloss Black 520mm (M) - Bike Express\",\"isPartOf\":{\"@id\":\"https:\/\/bike-express.ch\/de\/#website\"},\"primaryImageOfPage\":{\"@id\":\"https:\/\/bike-express.ch\/de\/produit\/ga-9-3-gloss-black-520mm-m\/#primaryimage\"},\"image\":{\"@id\":\"https:\/\/bike-express.ch\/de\/produit\/ga-9-3-gloss-black-520mm-m\/#primaryimage\"},\"thumbnailUrl\":\"https:\/\/bike-express.ch\/wp-content\/uploads\/2026\/03\/WG2452B.jpg\",\"datePublished\":\"2026-03-10T14:21:55+00:00\",\"breadcrumb\":{\"@id\":\"https:\/\/bike-express.ch\/de\/produit\/ga-9-3-gloss-black-520mm-m\/#breadcrumb\"},\"inLanguage\":\"de\",\"potentialAction\":[{\"@type\":\"ReadAction\",\"target\":[\"https:\/\/bike-express.ch\/de\/produit\/ga-9-3-gloss-black-520mm-m\/\"]}]},{\"@type\":\"ImageObject\",\"inLanguage\":\"de\",\"@id\":\"https:\/\/bike-express.ch\/de\/produit\/ga-9-3-gloss-black-520mm-m\/#primaryimage\",\"url\":\"https:\/\/bike-express.ch\/wp-content\/uploads\/2026\/03\/WG2452B.jpg\",\"contentUrl\":\"https:\/\/bike-express.ch\/wp-content\/uploads\/2026\/03\/WG2452B.jpg\",\"width\":800,\"height\":450},{\"@type\":\"BreadcrumbList\",\"@id\":\"https:\/\/bike-express.ch\/de\/produit\/ga-9-3-gloss-black-520mm-m\/#breadcrumb\",\"itemListElement\":[{\"@type\":\"ListItem\",\"position\":1,\"name\":\"Accueil\",\"item\":\"https:\/\/bike-express.ch\/de\/\"},{\"@type\":\"ListItem\",\"position\":2,\"name\":\"Unsere Produkte\",\"item\":\"https:\/\/bike-express.ch\/de\/unsere-produkte\/\"},{\"@type\":\"ListItem\",\"position\":3,\"name\":\"GA 9.3 Gloss Black 520mm (M)\"}]},{\"@type\":\"WebSite\",\"@id\":\"https:\/\/bike-express.ch\/de\/#website\",\"url\":\"https:\/\/bike-express.ch\/de\/\",\"name\":\"Bike Express\",\"description\":\"Num\u00e9ro 1 des pi\u00e8ces de v\u00e9los en Suisse\",\"potentialAction\":[{\"@type\":\"SearchAction\",\"target\":{\"@type\":\"EntryPoint\",\"urlTemplate\":\"https:\/\/bike-express.ch\/de\/?s={search_term_string}\"},\"query-input\":{\"@type\":\"PropertyValueSpecification\",\"valueRequired\":true,\"valueName\":\"search_term_string\"}}],\"inLanguage\":\"de\"}]}<\/script>\n<!-- \/ Yoast SEO plugin. -->","yoast_head_json":{"title":"GA 9.3 Gloss Black 520mm (M) - Bike Express","robots":{"index,follow":"index,follow"},"canonical":"https:\/\/bike-express.ch\/de\/produit\/ga-9-3-gloss-black-520mm-m\/","og_locale":"de_DE","og_type":"article","og_title":"GA 9.3 Gloss Black 520mm (M) - Bike Express","og_description":"GA 9.3 Gloss Black 520mm (M)","og_url":"https:\/\/bike-express.ch\/de\/produit\/ga-9-3-gloss-black-520mm-m\/","og_site_name":"Bike Express","og_image":[{"width":800,"height":450,"url":"https:\/\/bike-express.ch\/wp-content\/uploads\/2026\/03\/WG2452B.jpg","type":"image\/jpeg"}],"twitter_card":"summary_large_image","schema":{"@context":"https:\/\/schema.org","@graph":[{"@type":"WebPage","@id":"https:\/\/bike-express.ch\/de\/produit\/ga-9-3-gloss-black-520mm-m\/","url":"https:\/\/bike-express.ch\/de\/produit\/ga-9-3-gloss-black-520mm-m\/","name":"GA 9.3 Gloss Black 520mm (M) - Bike Express","isPartOf":{"@id":"https:\/\/bike-express.ch\/de\/#website"},"primaryImageOfPage":{"@id":"https:\/\/bike-express.ch\/de\/produit\/ga-9-3-gloss-black-520mm-m\/#primaryimage"},"image":{"@id":"https:\/\/bike-express.ch\/de\/produit\/ga-9-3-gloss-black-520mm-m\/#primaryimage"},"thumbnailUrl":"https:\/\/bike-express.ch\/wp-content\/uploads\/2026\/03\/WG2452B.jpg","datePublished":"2026-03-10T14:21:55+00:00","breadcrumb":{"@id":"https:\/\/bike-express.ch\/de\/produit\/ga-9-3-gloss-black-520mm-m\/#breadcrumb"},"inLanguage":"de","potentialAction":[{"@type":"ReadAction","target":["https:\/\/bike-express.ch\/de\/produit\/ga-9-3-gloss-black-520mm-m\/"]}]},{"@type":"ImageObject","inLanguage":"de","@id":"https:\/\/bike-express.ch\/de\/produit\/ga-9-3-gloss-black-520mm-m\/#primaryimage","url":"https:\/\/bike-express.ch\/wp-content\/uploads\/2026\/03\/WG2452B.jpg","contentUrl":"https:\/\/bike-express.ch\/wp-content\/uploads\/2026\/03\/WG2452B.jpg","width":800,"height":450},{"@type":"BreadcrumbList","@id":"https:\/\/bike-express.ch\/de\/produit\/ga-9-3-gloss-black-520mm-m\/#breadcrumb","itemListElement":[{"@type":"ListItem","position":1,"name":"Accueil","item":"https:\/\/bike-express.ch\/de\/"},{"@type":"ListItem","position":2,"name":"Unsere Produkte","item":"https:\/\/bike-express.ch\/de\/unsere-produkte\/"},{"@type":"ListItem","position":3,"name":"GA 9.3 Gloss Black 520mm (M)"}]},{"@type":"WebSite","@id":"https:\/\/bike-express.ch\/de\/#website","url":"https:\/\/bike-express.ch\/de\/","name":"Bike Express","description":"Num\u00e9ro 1 des pi\u00e8ces de v\u00e9los en Suisse","potentialAction":[{"@type":"SearchAction","target":{"@type":"EntryPoint","urlTemplate":"https:\/\/bike-express.ch\/de\/?s={search_term_string}"},"query-input":{"@type":"PropertyValueSpecification","valueRequired":true,"valueName":"search_term_string"}}],"inLanguage":"de"}]}},"_links":{"self":[{"href":"https:\/\/bike-express.ch\/de\/wp-json\/wp\/v2\/product\/425902","targetHints":{"allow":["GET"]}}],"collection":[{"href":"https:\/\/bike-express.ch\/de\/wp-json\/wp\/v2\/product"}],"about":[{"href":"https:\/\/bike-express.ch\/de\/wp-json\/wp\/v2\/types\/product"}],"wp:featuredmedia":[{"embeddable":true,"href":"https:\/\/bike-express.ch\/de\/wp-json\/wp\/v2\/media\/425903"}],"wp:attachment":[{"href":"https:\/\/bike-express.ch\/de\/wp-json\/wp\/v2\/media?parent=425902"}],"wp:term":[{"taxonomy":"product_brand","embeddable":true,"href":"https:\/\/bike-express.ch\/de\/wp-json\/wp\/v2\/product_brand?post=425902"},{"taxonomy":"product_cat","embeddable":true,"href":"https:\/\/bike-express.ch\/de\/wp-json\/wp\/v2\/product_cat?post=425902"},{"taxonomy":"product_tag","embeddable":true,"href":"https:\/\/bike-express.ch\/de\/wp-json\/wp\/v2\/product_tag?post=425902"}],"curies":[{"name":"wp","href":"https:\/\/api.w.org\/{rel}","templated":true}]}}