{"id":476620,"date":"2026-03-18T13:59:51","date_gmt":"2026-03-18T12:59:51","guid":{"rendered":"https:\/\/bike-express.ch\/produit\/powermeter-red-axs-e1-170mm-5037-dub-direct-mount-carbon\/"},"modified":"2026-03-18T15:56:00","modified_gmt":"2026-03-18T14:56:00","slug":"powermeter-red-axs-e1-170mm-5037-dub-direct-mount-carbon","status":"publish","type":"product","link":"https:\/\/bike-express.ch\/de\/produit\/powermeter-red-axs-e1-170mm-5037-dub-direct-mount-carbon\/","title":{"rendered":"Powermeter Red AXS E1 170mm 5037 DUB, Direct Mount, Carbon"},"content":{"rendered":"<p>Powermeter Red AXS E1 170mm 5037 DUB, Direct Mount, Carbon<\/p>\n","protected":false},"excerpt":{"rendered":"<p>Powermeter Red AXS E1 170mm 5037 DUB, Direct Mount, Carbon<\/p>\n","protected":false},"featured_media":483513,"template":"","meta":[],"product_brand":[],"product_cat":[11847,11945,116934],"product_tag":[],"class_list":{"0":"post-476620","1":"product","2":"type-product","3":"status-publish","4":"has-post-thumbnail","6":"product_cat-fahrrad-fahrradteile-de","7":"product_cat-fahrrad-laufr-gravel-de","8":"product_cat-powermeter","10":"first","11":"instock","12":"taxable","13":"shipping-taxable","14":"purchasable","15":"product-type-simple"},"yoast_head":"<!-- This site is optimized with the Yoast SEO plugin v27.1.1 - https:\/\/yoast.com\/product\/yoast-seo-wordpress\/ -->\n<title>Powermeter Red AXS E1 170mm 5037 DUB, Direct Mount, Carbon - Bike Express<\/title>\n<meta name=\"robots\" content=\"index,follow\" \/>\n<link rel=\"canonical\" href=\"https:\/\/bike-express.ch\/de\/produit\/powermeter-red-axs-e1-170mm-5037-dub-direct-mount-carbon\/\" \/>\n<meta property=\"og:locale\" content=\"de_DE\" \/>\n<meta property=\"og:type\" content=\"article\" \/>\n<meta property=\"og:title\" content=\"Powermeter Red AXS E1 170mm 5037 DUB, Direct Mount, Carbon - Bike Express\" \/>\n<meta property=\"og:description\" content=\"Powermeter Red AXS E1 170mm 5037 DUB, Direct Mount, Carbon\" \/>\n<meta property=\"og:url\" content=\"https:\/\/bike-express.ch\/de\/produit\/powermeter-red-axs-e1-170mm-5037-dub-direct-mount-carbon\/\" \/>\n<meta property=\"og:site_name\" content=\"Bike Express\" \/>\n<meta property=\"article:modified_time\" content=\"2026-03-18T14:56:00+00:00\" \/>\n<meta property=\"og:image\" content=\"https:\/\/bike-express.ch\/wp-content\/uploads\/2026\/03\/D7586D_gr.jpg\" \/>\n\t<meta property=\"og:image:width\" content=\"1280\" \/>\n\t<meta property=\"og:image:height\" content=\"720\" \/>\n\t<meta property=\"og:image:type\" content=\"image\/jpeg\" \/>\n<meta name=\"twitter:card\" content=\"summary_large_image\" \/>\n<script type=\"application\/ld+json\" class=\"yoast-schema-graph\">{\"@context\":\"https:\/\/schema.org\",\"@graph\":[{\"@type\":\"WebPage\",\"@id\":\"https:\/\/bike-express.ch\/de\/produit\/powermeter-red-axs-e1-170mm-5037-dub-direct-mount-carbon\/\",\"url\":\"https:\/\/bike-express.ch\/de\/produit\/powermeter-red-axs-e1-170mm-5037-dub-direct-mount-carbon\/\",\"name\":\"Powermeter Red AXS E1 170mm 5037 DUB, Direct Mount, Carbon - Bike Express\",\"isPartOf\":{\"@id\":\"https:\/\/bike-express.ch\/de\/#website\"},\"primaryImageOfPage\":{\"@id\":\"https:\/\/bike-express.ch\/de\/produit\/powermeter-red-axs-e1-170mm-5037-dub-direct-mount-carbon\/#primaryimage\"},\"image\":{\"@id\":\"https:\/\/bike-express.ch\/de\/produit\/powermeter-red-axs-e1-170mm-5037-dub-direct-mount-carbon\/#primaryimage\"},\"thumbnailUrl\":\"https:\/\/bike-express.ch\/wp-content\/uploads\/2026\/03\/D7586D_gr.jpg\",\"datePublished\":\"2026-03-18T12:59:51+00:00\",\"dateModified\":\"2026-03-18T14:56:00+00:00\",\"breadcrumb\":{\"@id\":\"https:\/\/bike-express.ch\/de\/produit\/powermeter-red-axs-e1-170mm-5037-dub-direct-mount-carbon\/#breadcrumb\"},\"inLanguage\":\"de\",\"potentialAction\":[{\"@type\":\"ReadAction\",\"target\":[\"https:\/\/bike-express.ch\/de\/produit\/powermeter-red-axs-e1-170mm-5037-dub-direct-mount-carbon\/\"]}]},{\"@type\":\"ImageObject\",\"inLanguage\":\"de\",\"@id\":\"https:\/\/bike-express.ch\/de\/produit\/powermeter-red-axs-e1-170mm-5037-dub-direct-mount-carbon\/#primaryimage\",\"url\":\"https:\/\/bike-express.ch\/wp-content\/uploads\/2026\/03\/D7586D_gr.jpg\",\"contentUrl\":\"https:\/\/bike-express.ch\/wp-content\/uploads\/2026\/03\/D7586D_gr.jpg\",\"width\":1280,\"height\":720},{\"@type\":\"BreadcrumbList\",\"@id\":\"https:\/\/bike-express.ch\/de\/produit\/powermeter-red-axs-e1-170mm-5037-dub-direct-mount-carbon\/#breadcrumb\",\"itemListElement\":[{\"@type\":\"ListItem\",\"position\":1,\"name\":\"Accueil\",\"item\":\"https:\/\/bike-express.ch\/de\/\"},{\"@type\":\"ListItem\",\"position\":2,\"name\":\"Unsere Produkte\",\"item\":\"https:\/\/bike-express.ch\/de\/unsere-produkte\/\"},{\"@type\":\"ListItem\",\"position\":3,\"name\":\"Fahrradteile\",\"item\":\"https:\/\/bike-express.ch\/de\/categorie-produit\/fahrrad-fahrradteile-de\/\"},{\"@type\":\"ListItem\",\"position\":4,\"name\":\"Antrieb\",\"item\":\"https:\/\/bike-express.ch\/de\/categorie-produit\/fahrrad-fahrradteile-de\/fahrrad-fahrr-antrieb-de\/\"},{\"@type\":\"ListItem\",\"position\":5,\"name\":\"Kurbelgarnituren\",\"item\":\"https:\/\/bike-express.ch\/de\/categorie-produit\/fahrrad-fahrradteile-de\/fahrrad-fahrr-antrieb-de\/fahrrad-antri-kurbelgarnituren-de\/\"},{\"@type\":\"ListItem\",\"position\":6,\"name\":\"Powermeter Red AXS E1 170mm 5037 DUB, Direct Mount, Carbon\"}]},{\"@type\":\"WebSite\",\"@id\":\"https:\/\/bike-express.ch\/de\/#website\",\"url\":\"https:\/\/bike-express.ch\/de\/\",\"name\":\"Bike Express\",\"description\":\"Num\u00e9ro 1 des pi\u00e8ces de v\u00e9los en Suisse\",\"potentialAction\":[{\"@type\":\"SearchAction\",\"target\":{\"@type\":\"EntryPoint\",\"urlTemplate\":\"https:\/\/bike-express.ch\/de\/?s={search_term_string}\"},\"query-input\":{\"@type\":\"PropertyValueSpecification\",\"valueRequired\":true,\"valueName\":\"search_term_string\"}}],\"inLanguage\":\"de\"}]}<\/script>\n<!-- \/ Yoast SEO plugin. -->","yoast_head_json":{"title":"Powermeter Red AXS E1 170mm 5037 DUB, Direct Mount, Carbon - Bike Express","robots":{"index,follow":"index,follow"},"canonical":"https:\/\/bike-express.ch\/de\/produit\/powermeter-red-axs-e1-170mm-5037-dub-direct-mount-carbon\/","og_locale":"de_DE","og_type":"article","og_title":"Powermeter Red AXS E1 170mm 5037 DUB, Direct Mount, Carbon - Bike Express","og_description":"Powermeter Red AXS E1 170mm 5037 DUB, Direct Mount, Carbon","og_url":"https:\/\/bike-express.ch\/de\/produit\/powermeter-red-axs-e1-170mm-5037-dub-direct-mount-carbon\/","og_site_name":"Bike Express","article_modified_time":"2026-03-18T14:56:00+00:00","og_image":[{"width":1280,"height":720,"url":"https:\/\/bike-express.ch\/wp-content\/uploads\/2026\/03\/D7586D_gr.jpg","type":"image\/jpeg"}],"twitter_card":"summary_large_image","schema":{"@context":"https:\/\/schema.org","@graph":[{"@type":"WebPage","@id":"https:\/\/bike-express.ch\/de\/produit\/powermeter-red-axs-e1-170mm-5037-dub-direct-mount-carbon\/","url":"https:\/\/bike-express.ch\/de\/produit\/powermeter-red-axs-e1-170mm-5037-dub-direct-mount-carbon\/","name":"Powermeter Red AXS E1 170mm 5037 DUB, Direct Mount, Carbon - Bike Express","isPartOf":{"@id":"https:\/\/bike-express.ch\/de\/#website"},"primaryImageOfPage":{"@id":"https:\/\/bike-express.ch\/de\/produit\/powermeter-red-axs-e1-170mm-5037-dub-direct-mount-carbon\/#primaryimage"},"image":{"@id":"https:\/\/bike-express.ch\/de\/produit\/powermeter-red-axs-e1-170mm-5037-dub-direct-mount-carbon\/#primaryimage"},"thumbnailUrl":"https:\/\/bike-express.ch\/wp-content\/uploads\/2026\/03\/D7586D_gr.jpg","datePublished":"2026-03-18T12:59:51+00:00","dateModified":"2026-03-18T14:56:00+00:00","breadcrumb":{"@id":"https:\/\/bike-express.ch\/de\/produit\/powermeter-red-axs-e1-170mm-5037-dub-direct-mount-carbon\/#breadcrumb"},"inLanguage":"de","potentialAction":[{"@type":"ReadAction","target":["https:\/\/bike-express.ch\/de\/produit\/powermeter-red-axs-e1-170mm-5037-dub-direct-mount-carbon\/"]}]},{"@type":"ImageObject","inLanguage":"de","@id":"https:\/\/bike-express.ch\/de\/produit\/powermeter-red-axs-e1-170mm-5037-dub-direct-mount-carbon\/#primaryimage","url":"https:\/\/bike-express.ch\/wp-content\/uploads\/2026\/03\/D7586D_gr.jpg","contentUrl":"https:\/\/bike-express.ch\/wp-content\/uploads\/2026\/03\/D7586D_gr.jpg","width":1280,"height":720},{"@type":"BreadcrumbList","@id":"https:\/\/bike-express.ch\/de\/produit\/powermeter-red-axs-e1-170mm-5037-dub-direct-mount-carbon\/#breadcrumb","itemListElement":[{"@type":"ListItem","position":1,"name":"Accueil","item":"https:\/\/bike-express.ch\/de\/"},{"@type":"ListItem","position":2,"name":"Unsere Produkte","item":"https:\/\/bike-express.ch\/de\/unsere-produkte\/"},{"@type":"ListItem","position":3,"name":"Fahrradteile","item":"https:\/\/bike-express.ch\/de\/categorie-produit\/fahrrad-fahrradteile-de\/"},{"@type":"ListItem","position":4,"name":"Antrieb","item":"https:\/\/bike-express.ch\/de\/categorie-produit\/fahrrad-fahrradteile-de\/fahrrad-fahrr-antrieb-de\/"},{"@type":"ListItem","position":5,"name":"Kurbelgarnituren","item":"https:\/\/bike-express.ch\/de\/categorie-produit\/fahrrad-fahrradteile-de\/fahrrad-fahrr-antrieb-de\/fahrrad-antri-kurbelgarnituren-de\/"},{"@type":"ListItem","position":6,"name":"Powermeter Red AXS E1 170mm 5037 DUB, Direct Mount, Carbon"}]},{"@type":"WebSite","@id":"https:\/\/bike-express.ch\/de\/#website","url":"https:\/\/bike-express.ch\/de\/","name":"Bike Express","description":"Num\u00e9ro 1 des pi\u00e8ces de v\u00e9los en Suisse","potentialAction":[{"@type":"SearchAction","target":{"@type":"EntryPoint","urlTemplate":"https:\/\/bike-express.ch\/de\/?s={search_term_string}"},"query-input":{"@type":"PropertyValueSpecification","valueRequired":true,"valueName":"search_term_string"}}],"inLanguage":"de"}]}},"_links":{"self":[{"href":"https:\/\/bike-express.ch\/de\/wp-json\/wp\/v2\/product\/476620","targetHints":{"allow":["GET"]}}],"collection":[{"href":"https:\/\/bike-express.ch\/de\/wp-json\/wp\/v2\/product"}],"about":[{"href":"https:\/\/bike-express.ch\/de\/wp-json\/wp\/v2\/types\/product"}],"wp:featuredmedia":[{"embeddable":true,"href":"https:\/\/bike-express.ch\/de\/wp-json\/wp\/v2\/media\/483513"}],"wp:attachment":[{"href":"https:\/\/bike-express.ch\/de\/wp-json\/wp\/v2\/media?parent=476620"}],"wp:term":[{"taxonomy":"product_brand","embeddable":true,"href":"https:\/\/bike-express.ch\/de\/wp-json\/wp\/v2\/product_brand?post=476620"},{"taxonomy":"product_cat","embeddable":true,"href":"https:\/\/bike-express.ch\/de\/wp-json\/wp\/v2\/product_cat?post=476620"},{"taxonomy":"product_tag","embeddable":true,"href":"https:\/\/bike-express.ch\/de\/wp-json\/wp\/v2\/product_tag?post=476620"}],"curies":[{"name":"wp","href":"https:\/\/api.w.org\/{rel}","templated":true}]}}