{"id":477090,"date":"2026-03-18T14:06:56","date_gmt":"2026-03-18T13:06:56","guid":{"rendered":"https:\/\/bike-express.ch\/produit\/am-poploc-lever-rear-shock-right-rockshox\/"},"modified":"2026-03-19T00:30:00","modified_gmt":"2026-03-18T23:30:00","slug":"am-poploc-lever-rear-shock-right-rockshox","status":"publish","type":"product","link":"https:\/\/bike-express.ch\/de\/produit\/am-poploc-lever-rear-shock-right-rockshox\/","title":{"rendered":"AM POPLOC LEVER, REAR SHOCK, RIGHT ROCKSHOX"},"content":{"rendered":"<p>AM POPLOC LEVER, REAR SHOCK, RIGHT ROCKSHOX<\/p>\n","protected":false},"excerpt":{"rendered":"<p>AM POPLOC LEVER, REAR SHOCK, RIGHT ROCKSHOX<\/p>\n","protected":false},"featured_media":484722,"template":"","meta":[],"product_brand":[],"product_cat":[116838],"product_tag":[],"class_list":{"0":"post-477090","1":"product","2":"type-product","3":"status-publish","4":"has-post-thumbnail","6":"product_cat-velos-parts","8":"first","9":"instock","10":"taxable","11":"shipping-taxable","12":"purchasable","13":"product-type-simple"},"yoast_head":"<!-- This site is optimized with the Yoast SEO plugin v27.1.1 - https:\/\/yoast.com\/product\/yoast-seo-wordpress\/ -->\n<title>AM POPLOC LEVER, REAR SHOCK, RIGHT ROCKSHOX - Bike Express<\/title>\n<meta name=\"robots\" content=\"index,follow\" \/>\n<link rel=\"canonical\" href=\"https:\/\/bike-express.ch\/de\/produit\/am-poploc-lever-rear-shock-right-rockshox\/\" \/>\n<meta property=\"og:locale\" content=\"de_DE\" \/>\n<meta property=\"og:type\" content=\"article\" \/>\n<meta property=\"og:title\" content=\"AM POPLOC LEVER, REAR SHOCK, RIGHT ROCKSHOX - Bike Express\" \/>\n<meta property=\"og:description\" content=\"AM POPLOC LEVER, REAR SHOCK, RIGHT ROCKSHOX\" \/>\n<meta property=\"og:url\" content=\"https:\/\/bike-express.ch\/de\/produit\/am-poploc-lever-rear-shock-right-rockshox\/\" \/>\n<meta property=\"og:site_name\" content=\"Bike Express\" \/>\n<meta property=\"article:modified_time\" content=\"2026-03-18T23:30:00+00:00\" \/>\n<meta property=\"og:image\" content=\"https:\/\/bike-express.ch\/wp-content\/uploads\/2026\/03\/D8188S_gr.jpg\" \/>\n\t<meta property=\"og:image:width\" content=\"1280\" \/>\n\t<meta property=\"og:image:height\" content=\"720\" \/>\n\t<meta property=\"og:image:type\" content=\"image\/jpeg\" \/>\n<meta name=\"twitter:card\" content=\"summary_large_image\" \/>\n<script type=\"application\/ld+json\" class=\"yoast-schema-graph\">{\"@context\":\"https:\/\/schema.org\",\"@graph\":[{\"@type\":\"WebPage\",\"@id\":\"https:\/\/bike-express.ch\/de\/produit\/am-poploc-lever-rear-shock-right-rockshox\/\",\"url\":\"https:\/\/bike-express.ch\/de\/produit\/am-poploc-lever-rear-shock-right-rockshox\/\",\"name\":\"AM POPLOC LEVER, REAR SHOCK, RIGHT ROCKSHOX - Bike Express\",\"isPartOf\":{\"@id\":\"https:\/\/bike-express.ch\/de\/#website\"},\"primaryImageOfPage\":{\"@id\":\"https:\/\/bike-express.ch\/de\/produit\/am-poploc-lever-rear-shock-right-rockshox\/#primaryimage\"},\"image\":{\"@id\":\"https:\/\/bike-express.ch\/de\/produit\/am-poploc-lever-rear-shock-right-rockshox\/#primaryimage\"},\"thumbnailUrl\":\"https:\/\/bike-express.ch\/wp-content\/uploads\/2026\/03\/D8188S_gr.jpg\",\"datePublished\":\"2026-03-18T13:06:56+00:00\",\"dateModified\":\"2026-03-18T23:30:00+00:00\",\"breadcrumb\":{\"@id\":\"https:\/\/bike-express.ch\/de\/produit\/am-poploc-lever-rear-shock-right-rockshox\/#breadcrumb\"},\"inLanguage\":\"de\",\"potentialAction\":[{\"@type\":\"ReadAction\",\"target\":[\"https:\/\/bike-express.ch\/de\/produit\/am-poploc-lever-rear-shock-right-rockshox\/\"]}]},{\"@type\":\"ImageObject\",\"inLanguage\":\"de\",\"@id\":\"https:\/\/bike-express.ch\/de\/produit\/am-poploc-lever-rear-shock-right-rockshox\/#primaryimage\",\"url\":\"https:\/\/bike-express.ch\/wp-content\/uploads\/2026\/03\/D8188S_gr.jpg\",\"contentUrl\":\"https:\/\/bike-express.ch\/wp-content\/uploads\/2026\/03\/D8188S_gr.jpg\",\"width\":1280,\"height\":720},{\"@type\":\"BreadcrumbList\",\"@id\":\"https:\/\/bike-express.ch\/de\/produit\/am-poploc-lever-rear-shock-right-rockshox\/#breadcrumb\",\"itemListElement\":[{\"@type\":\"ListItem\",\"position\":1,\"name\":\"Accueil\",\"item\":\"https:\/\/bike-express.ch\/de\/\"},{\"@type\":\"ListItem\",\"position\":2,\"name\":\"Unsere Produkte\",\"item\":\"https:\/\/bike-express.ch\/de\/unsere-produkte\/\"},{\"@type\":\"ListItem\",\"position\":3,\"name\":\"Fahrradteile\",\"item\":\"https:\/\/bike-express.ch\/de\/categorie-produit\/fahrrad-fahrradteile-de\/\"},{\"@type\":\"ListItem\",\"position\":4,\"name\":\"Federung\",\"item\":\"https:\/\/bike-express.ch\/de\/categorie-produit\/fahrrad-fahrradteile-de\/fahrrad-fahrr-federung-de\/\"},{\"@type\":\"ListItem\",\"position\":5,\"name\":\"Federgabeln\",\"item\":\"https:\/\/bike-express.ch\/de\/categorie-produit\/fahrrad-fahrradteile-de\/fahrrad-fahrr-federung-de\/fahrrad-feder-federgabeln-de\/\"},{\"@type\":\"ListItem\",\"position\":6,\"name\":\"Gabeln Zubeh\u00f6r\",\"item\":\"https:\/\/bike-express.ch\/de\/categorie-produit\/fahrrad-fahrradteile-de\/fahrrad-fahrr-federung-de\/fahrrad-feder-federgabeln-de\/fahrrad-feder-gabeln-zubehor-de\/\"},{\"@type\":\"ListItem\",\"position\":7,\"name\":\"AM POPLOC LEVER, REAR SHOCK, RIGHT ROCKSHOX\"}]},{\"@type\":\"WebSite\",\"@id\":\"https:\/\/bike-express.ch\/de\/#website\",\"url\":\"https:\/\/bike-express.ch\/de\/\",\"name\":\"Bike Express\",\"description\":\"Num\u00e9ro 1 des pi\u00e8ces de v\u00e9los en Suisse\",\"potentialAction\":[{\"@type\":\"SearchAction\",\"target\":{\"@type\":\"EntryPoint\",\"urlTemplate\":\"https:\/\/bike-express.ch\/de\/?s={search_term_string}\"},\"query-input\":{\"@type\":\"PropertyValueSpecification\",\"valueRequired\":true,\"valueName\":\"search_term_string\"}}],\"inLanguage\":\"de\"}]}<\/script>\n<!-- \/ Yoast SEO plugin. -->","yoast_head_json":{"title":"AM POPLOC LEVER, REAR SHOCK, RIGHT ROCKSHOX - Bike Express","robots":{"index,follow":"index,follow"},"canonical":"https:\/\/bike-express.ch\/de\/produit\/am-poploc-lever-rear-shock-right-rockshox\/","og_locale":"de_DE","og_type":"article","og_title":"AM POPLOC LEVER, REAR SHOCK, RIGHT ROCKSHOX - Bike Express","og_description":"AM POPLOC LEVER, REAR SHOCK, RIGHT ROCKSHOX","og_url":"https:\/\/bike-express.ch\/de\/produit\/am-poploc-lever-rear-shock-right-rockshox\/","og_site_name":"Bike Express","article_modified_time":"2026-03-18T23:30:00+00:00","og_image":[{"width":1280,"height":720,"url":"https:\/\/bike-express.ch\/wp-content\/uploads\/2026\/03\/D8188S_gr.jpg","type":"image\/jpeg"}],"twitter_card":"summary_large_image","schema":{"@context":"https:\/\/schema.org","@graph":[{"@type":"WebPage","@id":"https:\/\/bike-express.ch\/de\/produit\/am-poploc-lever-rear-shock-right-rockshox\/","url":"https:\/\/bike-express.ch\/de\/produit\/am-poploc-lever-rear-shock-right-rockshox\/","name":"AM POPLOC LEVER, REAR SHOCK, RIGHT ROCKSHOX - Bike Express","isPartOf":{"@id":"https:\/\/bike-express.ch\/de\/#website"},"primaryImageOfPage":{"@id":"https:\/\/bike-express.ch\/de\/produit\/am-poploc-lever-rear-shock-right-rockshox\/#primaryimage"},"image":{"@id":"https:\/\/bike-express.ch\/de\/produit\/am-poploc-lever-rear-shock-right-rockshox\/#primaryimage"},"thumbnailUrl":"https:\/\/bike-express.ch\/wp-content\/uploads\/2026\/03\/D8188S_gr.jpg","datePublished":"2026-03-18T13:06:56+00:00","dateModified":"2026-03-18T23:30:00+00:00","breadcrumb":{"@id":"https:\/\/bike-express.ch\/de\/produit\/am-poploc-lever-rear-shock-right-rockshox\/#breadcrumb"},"inLanguage":"de","potentialAction":[{"@type":"ReadAction","target":["https:\/\/bike-express.ch\/de\/produit\/am-poploc-lever-rear-shock-right-rockshox\/"]}]},{"@type":"ImageObject","inLanguage":"de","@id":"https:\/\/bike-express.ch\/de\/produit\/am-poploc-lever-rear-shock-right-rockshox\/#primaryimage","url":"https:\/\/bike-express.ch\/wp-content\/uploads\/2026\/03\/D8188S_gr.jpg","contentUrl":"https:\/\/bike-express.ch\/wp-content\/uploads\/2026\/03\/D8188S_gr.jpg","width":1280,"height":720},{"@type":"BreadcrumbList","@id":"https:\/\/bike-express.ch\/de\/produit\/am-poploc-lever-rear-shock-right-rockshox\/#breadcrumb","itemListElement":[{"@type":"ListItem","position":1,"name":"Accueil","item":"https:\/\/bike-express.ch\/de\/"},{"@type":"ListItem","position":2,"name":"Unsere Produkte","item":"https:\/\/bike-express.ch\/de\/unsere-produkte\/"},{"@type":"ListItem","position":3,"name":"Fahrradteile","item":"https:\/\/bike-express.ch\/de\/categorie-produit\/fahrrad-fahrradteile-de\/"},{"@type":"ListItem","position":4,"name":"Federung","item":"https:\/\/bike-express.ch\/de\/categorie-produit\/fahrrad-fahrradteile-de\/fahrrad-fahrr-federung-de\/"},{"@type":"ListItem","position":5,"name":"Federgabeln","item":"https:\/\/bike-express.ch\/de\/categorie-produit\/fahrrad-fahrradteile-de\/fahrrad-fahrr-federung-de\/fahrrad-feder-federgabeln-de\/"},{"@type":"ListItem","position":6,"name":"Gabeln Zubeh\u00f6r","item":"https:\/\/bike-express.ch\/de\/categorie-produit\/fahrrad-fahrradteile-de\/fahrrad-fahrr-federung-de\/fahrrad-feder-federgabeln-de\/fahrrad-feder-gabeln-zubehor-de\/"},{"@type":"ListItem","position":7,"name":"AM POPLOC LEVER, REAR SHOCK, RIGHT ROCKSHOX"}]},{"@type":"WebSite","@id":"https:\/\/bike-express.ch\/de\/#website","url":"https:\/\/bike-express.ch\/de\/","name":"Bike Express","description":"Num\u00e9ro 1 des pi\u00e8ces de v\u00e9los en Suisse","potentialAction":[{"@type":"SearchAction","target":{"@type":"EntryPoint","urlTemplate":"https:\/\/bike-express.ch\/de\/?s={search_term_string}"},"query-input":{"@type":"PropertyValueSpecification","valueRequired":true,"valueName":"search_term_string"}}],"inLanguage":"de"}]}},"_links":{"self":[{"href":"https:\/\/bike-express.ch\/de\/wp-json\/wp\/v2\/product\/477090","targetHints":{"allow":["GET"]}}],"collection":[{"href":"https:\/\/bike-express.ch\/de\/wp-json\/wp\/v2\/product"}],"about":[{"href":"https:\/\/bike-express.ch\/de\/wp-json\/wp\/v2\/types\/product"}],"wp:featuredmedia":[{"embeddable":true,"href":"https:\/\/bike-express.ch\/de\/wp-json\/wp\/v2\/media\/484722"}],"wp:attachment":[{"href":"https:\/\/bike-express.ch\/de\/wp-json\/wp\/v2\/media?parent=477090"}],"wp:term":[{"taxonomy":"product_brand","embeddable":true,"href":"https:\/\/bike-express.ch\/de\/wp-json\/wp\/v2\/product_brand?post=477090"},{"taxonomy":"product_cat","embeddable":true,"href":"https:\/\/bike-express.ch\/de\/wp-json\/wp\/v2\/product_cat?post=477090"},{"taxonomy":"product_tag","embeddable":true,"href":"https:\/\/bike-express.ch\/de\/wp-json\/wp\/v2\/product_tag?post=477090"}],"curies":[{"name":"wp","href":"https:\/\/api.w.org\/{rel}","templated":true}]}}