{"id":477416,"date":"2026-03-18T14:12:10","date_gmt":"2026-03-18T13:12:10","guid":{"rendered":"https:\/\/bike-express.ch\/produit\/m-hardw-27-4x8mm-3-pc-monarch-viv-rock-shox\/"},"modified":"2026-03-19T00:34:15","modified_gmt":"2026-03-18T23:34:15","slug":"m-hardw-27-4x8mm-3-pc-monarch-viv-rock-shox","status":"publish","type":"product","link":"https:\/\/bike-express.ch\/de\/produit\/m-hardw-27-4x8mm-3-pc-monarch-viv-rock-shox\/","title":{"rendered":"M. HARDW.  27.4x8mm 3-pc. MONARCH VIV ROCK SHOX"},"content":{"rendered":"<p>M. HARDW.  27.4x8mm 3-pc. MONARCH VIV ROCK SHOX<\/p>\n","protected":false},"excerpt":{"rendered":"<p>M. HARDW. 27.4x8mm 3-pc. MONARCH VIV ROCK SHOX<\/p>\n","protected":false},"featured_media":485635,"template":"","meta":[],"product_brand":[],"product_cat":[116838],"product_tag":[],"class_list":{"0":"post-477416","1":"product","2":"type-product","3":"status-publish","4":"has-post-thumbnail","6":"product_cat-velos-parts","8":"first","9":"instock","10":"taxable","11":"shipping-taxable","12":"purchasable","13":"product-type-simple"},"yoast_head":"<!-- This site is optimized with the Yoast SEO plugin v27.1.1 - https:\/\/yoast.com\/product\/yoast-seo-wordpress\/ -->\n<title>M. HARDW. 27.4x8mm 3-pc. MONARCH VIV ROCK SHOX - Bike Express<\/title>\n<meta name=\"robots\" content=\"index,follow\" \/>\n<link rel=\"canonical\" href=\"https:\/\/bike-express.ch\/de\/produit\/m-hardw-27-4x8mm-3-pc-monarch-viv-rock-shox\/\" \/>\n<meta property=\"og:locale\" content=\"de_DE\" \/>\n<meta property=\"og:type\" content=\"article\" \/>\n<meta property=\"og:title\" content=\"M. HARDW. 27.4x8mm 3-pc. MONARCH VIV ROCK SHOX - Bike Express\" \/>\n<meta property=\"og:description\" content=\"M. HARDW. 27.4x8mm 3-pc. MONARCH VIV ROCK SHOX\" \/>\n<meta property=\"og:url\" content=\"https:\/\/bike-express.ch\/de\/produit\/m-hardw-27-4x8mm-3-pc-monarch-viv-rock-shox\/\" \/>\n<meta property=\"og:site_name\" content=\"Bike Express\" \/>\n<meta property=\"article:modified_time\" content=\"2026-03-18T23:34:15+00:00\" \/>\n<meta property=\"og:image\" content=\"https:\/\/bike-express.ch\/wp-content\/uploads\/2026\/03\/D8471K_gr.jpg\" \/>\n\t<meta property=\"og:image:width\" content=\"1280\" \/>\n\t<meta property=\"og:image:height\" content=\"720\" \/>\n\t<meta property=\"og:image:type\" content=\"image\/jpeg\" \/>\n<meta name=\"twitter:card\" content=\"summary_large_image\" \/>\n<script type=\"application\/ld+json\" class=\"yoast-schema-graph\">{\"@context\":\"https:\/\/schema.org\",\"@graph\":[{\"@type\":\"WebPage\",\"@id\":\"https:\/\/bike-express.ch\/de\/produit\/m-hardw-27-4x8mm-3-pc-monarch-viv-rock-shox\/\",\"url\":\"https:\/\/bike-express.ch\/de\/produit\/m-hardw-27-4x8mm-3-pc-monarch-viv-rock-shox\/\",\"name\":\"M. HARDW. 27.4x8mm 3-pc. MONARCH VIV ROCK SHOX - Bike Express\",\"isPartOf\":{\"@id\":\"https:\/\/bike-express.ch\/de\/#website\"},\"primaryImageOfPage\":{\"@id\":\"https:\/\/bike-express.ch\/de\/produit\/m-hardw-27-4x8mm-3-pc-monarch-viv-rock-shox\/#primaryimage\"},\"image\":{\"@id\":\"https:\/\/bike-express.ch\/de\/produit\/m-hardw-27-4x8mm-3-pc-monarch-viv-rock-shox\/#primaryimage\"},\"thumbnailUrl\":\"https:\/\/bike-express.ch\/wp-content\/uploads\/2026\/03\/D8471K_gr.jpg\",\"datePublished\":\"2026-03-18T13:12:10+00:00\",\"dateModified\":\"2026-03-18T23:34:15+00:00\",\"breadcrumb\":{\"@id\":\"https:\/\/bike-express.ch\/de\/produit\/m-hardw-27-4x8mm-3-pc-monarch-viv-rock-shox\/#breadcrumb\"},\"inLanguage\":\"de\",\"potentialAction\":[{\"@type\":\"ReadAction\",\"target\":[\"https:\/\/bike-express.ch\/de\/produit\/m-hardw-27-4x8mm-3-pc-monarch-viv-rock-shox\/\"]}]},{\"@type\":\"ImageObject\",\"inLanguage\":\"de\",\"@id\":\"https:\/\/bike-express.ch\/de\/produit\/m-hardw-27-4x8mm-3-pc-monarch-viv-rock-shox\/#primaryimage\",\"url\":\"https:\/\/bike-express.ch\/wp-content\/uploads\/2026\/03\/D8471K_gr.jpg\",\"contentUrl\":\"https:\/\/bike-express.ch\/wp-content\/uploads\/2026\/03\/D8471K_gr.jpg\",\"width\":1280,\"height\":720},{\"@type\":\"BreadcrumbList\",\"@id\":\"https:\/\/bike-express.ch\/de\/produit\/m-hardw-27-4x8mm-3-pc-monarch-viv-rock-shox\/#breadcrumb\",\"itemListElement\":[{\"@type\":\"ListItem\",\"position\":1,\"name\":\"Accueil\",\"item\":\"https:\/\/bike-express.ch\/de\/\"},{\"@type\":\"ListItem\",\"position\":2,\"name\":\"Unsere Produkte\",\"item\":\"https:\/\/bike-express.ch\/de\/unsere-produkte\/\"},{\"@type\":\"ListItem\",\"position\":3,\"name\":\"Velos &amp; Parts\",\"item\":\"https:\/\/bike-express.ch\/categorie-produit\/velos-parts\/\"},{\"@type\":\"ListItem\",\"position\":4,\"name\":\"M. HARDW. 27.4x8mm 3-pc. MONARCH VIV ROCK SHOX\"}]},{\"@type\":\"WebSite\",\"@id\":\"https:\/\/bike-express.ch\/de\/#website\",\"url\":\"https:\/\/bike-express.ch\/de\/\",\"name\":\"Bike Express\",\"description\":\"Num\u00e9ro 1 des pi\u00e8ces de v\u00e9los en Suisse\",\"potentialAction\":[{\"@type\":\"SearchAction\",\"target\":{\"@type\":\"EntryPoint\",\"urlTemplate\":\"https:\/\/bike-express.ch\/de\/?s={search_term_string}\"},\"query-input\":{\"@type\":\"PropertyValueSpecification\",\"valueRequired\":true,\"valueName\":\"search_term_string\"}}],\"inLanguage\":\"de-DE\"}]}<\/script>\n<!-- \/ Yoast SEO plugin. -->","yoast_head_json":{"title":"M. HARDW. 27.4x8mm 3-pc. MONARCH VIV ROCK SHOX - Bike Express","robots":{"index,follow":"index,follow"},"canonical":"https:\/\/bike-express.ch\/de\/produit\/m-hardw-27-4x8mm-3-pc-monarch-viv-rock-shox\/","og_locale":"de_DE","og_type":"article","og_title":"M. HARDW. 27.4x8mm 3-pc. MONARCH VIV ROCK SHOX - Bike Express","og_description":"M. HARDW. 27.4x8mm 3-pc. MONARCH VIV ROCK SHOX","og_url":"https:\/\/bike-express.ch\/de\/produit\/m-hardw-27-4x8mm-3-pc-monarch-viv-rock-shox\/","og_site_name":"Bike Express","article_modified_time":"2026-03-18T23:34:15+00:00","og_image":[{"width":1280,"height":720,"url":"https:\/\/bike-express.ch\/wp-content\/uploads\/2026\/03\/D8471K_gr.jpg","type":"image\/jpeg"}],"twitter_card":"summary_large_image","schema":{"@context":"https:\/\/schema.org","@graph":[{"@type":"WebPage","@id":"https:\/\/bike-express.ch\/de\/produit\/m-hardw-27-4x8mm-3-pc-monarch-viv-rock-shox\/","url":"https:\/\/bike-express.ch\/de\/produit\/m-hardw-27-4x8mm-3-pc-monarch-viv-rock-shox\/","name":"M. HARDW. 27.4x8mm 3-pc. MONARCH VIV ROCK SHOX - Bike Express","isPartOf":{"@id":"https:\/\/bike-express.ch\/de\/#website"},"primaryImageOfPage":{"@id":"https:\/\/bike-express.ch\/de\/produit\/m-hardw-27-4x8mm-3-pc-monarch-viv-rock-shox\/#primaryimage"},"image":{"@id":"https:\/\/bike-express.ch\/de\/produit\/m-hardw-27-4x8mm-3-pc-monarch-viv-rock-shox\/#primaryimage"},"thumbnailUrl":"https:\/\/bike-express.ch\/wp-content\/uploads\/2026\/03\/D8471K_gr.jpg","datePublished":"2026-03-18T13:12:10+00:00","dateModified":"2026-03-18T23:34:15+00:00","breadcrumb":{"@id":"https:\/\/bike-express.ch\/de\/produit\/m-hardw-27-4x8mm-3-pc-monarch-viv-rock-shox\/#breadcrumb"},"inLanguage":"de-DE","potentialAction":[{"@type":"ReadAction","target":["https:\/\/bike-express.ch\/de\/produit\/m-hardw-27-4x8mm-3-pc-monarch-viv-rock-shox\/"]}]},{"@type":"ImageObject","inLanguage":"de-DE","@id":"https:\/\/bike-express.ch\/de\/produit\/m-hardw-27-4x8mm-3-pc-monarch-viv-rock-shox\/#primaryimage","url":"https:\/\/bike-express.ch\/wp-content\/uploads\/2026\/03\/D8471K_gr.jpg","contentUrl":"https:\/\/bike-express.ch\/wp-content\/uploads\/2026\/03\/D8471K_gr.jpg","width":1280,"height":720},{"@type":"BreadcrumbList","@id":"https:\/\/bike-express.ch\/de\/produit\/m-hardw-27-4x8mm-3-pc-monarch-viv-rock-shox\/#breadcrumb","itemListElement":[{"@type":"ListItem","position":1,"name":"Accueil","item":"https:\/\/bike-express.ch\/de\/"},{"@type":"ListItem","position":2,"name":"Unsere Produkte","item":"https:\/\/bike-express.ch\/de\/unsere-produkte\/"},{"@type":"ListItem","position":3,"name":"Velos &amp; Parts","item":"https:\/\/bike-express.ch\/categorie-produit\/velos-parts\/"},{"@type":"ListItem","position":4,"name":"M. HARDW. 27.4x8mm 3-pc. MONARCH VIV ROCK SHOX"}]},{"@type":"WebSite","@id":"https:\/\/bike-express.ch\/de\/#website","url":"https:\/\/bike-express.ch\/de\/","name":"Bike Express","description":"Num\u00e9ro 1 des pi\u00e8ces de v\u00e9los en Suisse","potentialAction":[{"@type":"SearchAction","target":{"@type":"EntryPoint","urlTemplate":"https:\/\/bike-express.ch\/de\/?s={search_term_string}"},"query-input":{"@type":"PropertyValueSpecification","valueRequired":true,"valueName":"search_term_string"}}],"inLanguage":"de-DE"}]}},"_links":{"self":[{"href":"https:\/\/bike-express.ch\/de\/wp-json\/wp\/v2\/product\/477416","targetHints":{"allow":["GET"]}}],"collection":[{"href":"https:\/\/bike-express.ch\/de\/wp-json\/wp\/v2\/product"}],"about":[{"href":"https:\/\/bike-express.ch\/de\/wp-json\/wp\/v2\/types\/product"}],"wp:featuredmedia":[{"embeddable":true,"href":"https:\/\/bike-express.ch\/de\/wp-json\/wp\/v2\/media\/485635"}],"wp:attachment":[{"href":"https:\/\/bike-express.ch\/de\/wp-json\/wp\/v2\/media?parent=477416"}],"wp:term":[{"taxonomy":"product_brand","embeddable":true,"href":"https:\/\/bike-express.ch\/de\/wp-json\/wp\/v2\/product_brand?post=477416"},{"taxonomy":"product_cat","embeddable":true,"href":"https:\/\/bike-express.ch\/de\/wp-json\/wp\/v2\/product_cat?post=477416"},{"taxonomy":"product_tag","embeddable":true,"href":"https:\/\/bike-express.ch\/de\/wp-json\/wp\/v2\/product_tag?post=477416"}],"curies":[{"name":"wp","href":"https:\/\/api.w.org\/{rel}","templated":true}]}}