{"id":490273,"date":"2026-03-19T01:30:41","date_gmt":"2026-03-19T00:30:41","guid":{"rendered":"https:\/\/bike-express.ch\/produit\/bbb-display-update-bois-1er-metre-210cm-hauteur-totale-220cm\/"},"modified":"2026-03-19T01:30:41","modified_gmt":"2026-03-19T00:30:41","slug":"bbb-display-update-bois-1er-metre-210cm-hauteur-totale-220cm","status":"publish","type":"product","link":"https:\/\/bike-express.ch\/de\/produit\/bbb-display-update-bois-1er-metre-210cm-hauteur-totale-220cm\/","title":{"rendered":"BBB Display update, bois, 1er m\u00e8tre  210cm (hauteur totale 220cm)"},"content":{"rendered":"<p>BBB Display update, bois, 1er m\u00e8tre  210cm (hauteur totale 220cm)<\/p>\n","protected":false},"excerpt":{"rendered":"<p>BBB Display update, bois, 1er m\u00e8tre 210cm (hauteur totale 220cm)<\/p>\n","protected":false},"featured_media":490270,"template":"","meta":[],"product_brand":[],"product_cat":[116574,11847],"product_tag":[],"class_list":{"0":"post-490273","1":"product","2":"type-product","3":"status-publish","4":"has-post-thumbnail","6":"product_cat-bbb","7":"product_cat-fahrrad-fahrradteile-de","9":"first","10":"instock","11":"taxable","12":"shipping-taxable","13":"purchasable","14":"product-type-simple"},"yoast_head":"<!-- This site is optimized with the Yoast SEO plugin v27.1.1 - https:\/\/yoast.com\/product\/yoast-seo-wordpress\/ -->\n<title>BBB Display update, bois, 1er m\u00e8tre 210cm (hauteur totale 220cm) - Bike Express<\/title>\n<meta name=\"robots\" content=\"index,follow\" \/>\n<link rel=\"canonical\" href=\"https:\/\/bike-express.ch\/de\/produit\/bbb-display-update-bois-1er-metre-210cm-hauteur-totale-220cm\/\" \/>\n<meta property=\"og:locale\" content=\"de_DE\" \/>\n<meta property=\"og:type\" content=\"article\" \/>\n<meta property=\"og:title\" content=\"BBB Display update, bois, 1er m\u00e8tre 210cm (hauteur totale 220cm) - Bike Express\" \/>\n<meta property=\"og:description\" content=\"BBB Display update, bois, 1er m\u00e8tre 210cm (hauteur totale 220cm)\" \/>\n<meta property=\"og:url\" content=\"https:\/\/bike-express.ch\/de\/produit\/bbb-display-update-bois-1er-metre-210cm-hauteur-totale-220cm\/\" \/>\n<meta property=\"og:site_name\" content=\"Bike Express\" \/>\n<meta name=\"twitter:card\" content=\"summary_large_image\" \/>\n<script type=\"application\/ld+json\" class=\"yoast-schema-graph\">{\"@context\":\"https:\/\/schema.org\",\"@graph\":[{\"@type\":\"WebPage\",\"@id\":\"https:\/\/bike-express.ch\/de\/produit\/bbb-display-update-bois-1er-metre-210cm-hauteur-totale-220cm\/\",\"url\":\"https:\/\/bike-express.ch\/de\/produit\/bbb-display-update-bois-1er-metre-210cm-hauteur-totale-220cm\/\",\"name\":\"BBB Display update, bois, 1er m\u00e8tre 210cm (hauteur totale 220cm) - Bike Express\",\"isPartOf\":{\"@id\":\"https:\/\/bike-express.ch\/de\/#website\"},\"primaryImageOfPage\":{\"@id\":\"https:\/\/bike-express.ch\/de\/produit\/bbb-display-update-bois-1er-metre-210cm-hauteur-totale-220cm\/#primaryimage\"},\"image\":{\"@id\":\"https:\/\/bike-express.ch\/de\/produit\/bbb-display-update-bois-1er-metre-210cm-hauteur-totale-220cm\/#primaryimage\"},\"thumbnailUrl\":\"https:\/\/bike-express.ch\/wp-content\/uploads\/2026\/03\/H0155D_gr.jpg\",\"datePublished\":\"2026-03-19T00:30:41+00:00\",\"breadcrumb\":{\"@id\":\"https:\/\/bike-express.ch\/de\/produit\/bbb-display-update-bois-1er-metre-210cm-hauteur-totale-220cm\/#breadcrumb\"},\"inLanguage\":\"de\",\"potentialAction\":[{\"@type\":\"ReadAction\",\"target\":[\"https:\/\/bike-express.ch\/de\/produit\/bbb-display-update-bois-1er-metre-210cm-hauteur-totale-220cm\/\"]}]},{\"@type\":\"ImageObject\",\"inLanguage\":\"de\",\"@id\":\"https:\/\/bike-express.ch\/de\/produit\/bbb-display-update-bois-1er-metre-210cm-hauteur-totale-220cm\/#primaryimage\",\"url\":\"https:\/\/bike-express.ch\/wp-content\/uploads\/2026\/03\/H0155D_gr.jpg\",\"contentUrl\":\"https:\/\/bike-express.ch\/wp-content\/uploads\/2026\/03\/H0155D_gr.jpg\",\"width\":1280,\"height\":720},{\"@type\":\"BreadcrumbList\",\"@id\":\"https:\/\/bike-express.ch\/de\/produit\/bbb-display-update-bois-1er-metre-210cm-hauteur-totale-220cm\/#breadcrumb\",\"itemListElement\":[{\"@type\":\"ListItem\",\"position\":1,\"name\":\"Accueil\",\"item\":\"https:\/\/bike-express.ch\/de\/\"},{\"@type\":\"ListItem\",\"position\":2,\"name\":\"Unsere Produkte\",\"item\":\"https:\/\/bike-express.ch\/de\/unsere-produkte\/\"},{\"@type\":\"ListItem\",\"position\":3,\"name\":\"BBB Display update, bois, 1er m\u00e8tre 210cm (hauteur totale 220cm)\"}]},{\"@type\":\"WebSite\",\"@id\":\"https:\/\/bike-express.ch\/de\/#website\",\"url\":\"https:\/\/bike-express.ch\/de\/\",\"name\":\"Bike Express\",\"description\":\"Num\u00e9ro 1 des pi\u00e8ces de v\u00e9los en Suisse\",\"potentialAction\":[{\"@type\":\"SearchAction\",\"target\":{\"@type\":\"EntryPoint\",\"urlTemplate\":\"https:\/\/bike-express.ch\/de\/?s={search_term_string}\"},\"query-input\":{\"@type\":\"PropertyValueSpecification\",\"valueRequired\":true,\"valueName\":\"search_term_string\"}}],\"inLanguage\":\"de\"}]}<\/script>\n<!-- \/ Yoast SEO plugin. -->","yoast_head_json":{"title":"BBB Display update, bois, 1er m\u00e8tre 210cm (hauteur totale 220cm) - Bike Express","robots":{"index,follow":"index,follow"},"canonical":"https:\/\/bike-express.ch\/de\/produit\/bbb-display-update-bois-1er-metre-210cm-hauteur-totale-220cm\/","og_locale":"de_DE","og_type":"article","og_title":"BBB Display update, bois, 1er m\u00e8tre 210cm (hauteur totale 220cm) - Bike Express","og_description":"BBB Display update, bois, 1er m\u00e8tre 210cm (hauteur totale 220cm)","og_url":"https:\/\/bike-express.ch\/de\/produit\/bbb-display-update-bois-1er-metre-210cm-hauteur-totale-220cm\/","og_site_name":"Bike Express","twitter_card":"summary_large_image","schema":{"@context":"https:\/\/schema.org","@graph":[{"@type":"WebPage","@id":"https:\/\/bike-express.ch\/de\/produit\/bbb-display-update-bois-1er-metre-210cm-hauteur-totale-220cm\/","url":"https:\/\/bike-express.ch\/de\/produit\/bbb-display-update-bois-1er-metre-210cm-hauteur-totale-220cm\/","name":"BBB Display update, bois, 1er m\u00e8tre 210cm (hauteur totale 220cm) - Bike Express","isPartOf":{"@id":"https:\/\/bike-express.ch\/de\/#website"},"primaryImageOfPage":{"@id":"https:\/\/bike-express.ch\/de\/produit\/bbb-display-update-bois-1er-metre-210cm-hauteur-totale-220cm\/#primaryimage"},"image":{"@id":"https:\/\/bike-express.ch\/de\/produit\/bbb-display-update-bois-1er-metre-210cm-hauteur-totale-220cm\/#primaryimage"},"thumbnailUrl":"https:\/\/bike-express.ch\/wp-content\/uploads\/2026\/03\/H0155D_gr.jpg","datePublished":"2026-03-19T00:30:41+00:00","breadcrumb":{"@id":"https:\/\/bike-express.ch\/de\/produit\/bbb-display-update-bois-1er-metre-210cm-hauteur-totale-220cm\/#breadcrumb"},"inLanguage":"de","potentialAction":[{"@type":"ReadAction","target":["https:\/\/bike-express.ch\/de\/produit\/bbb-display-update-bois-1er-metre-210cm-hauteur-totale-220cm\/"]}]},{"@type":"ImageObject","inLanguage":"de","@id":"https:\/\/bike-express.ch\/de\/produit\/bbb-display-update-bois-1er-metre-210cm-hauteur-totale-220cm\/#primaryimage","url":"https:\/\/bike-express.ch\/wp-content\/uploads\/2026\/03\/H0155D_gr.jpg","contentUrl":"https:\/\/bike-express.ch\/wp-content\/uploads\/2026\/03\/H0155D_gr.jpg","width":1280,"height":720},{"@type":"BreadcrumbList","@id":"https:\/\/bike-express.ch\/de\/produit\/bbb-display-update-bois-1er-metre-210cm-hauteur-totale-220cm\/#breadcrumb","itemListElement":[{"@type":"ListItem","position":1,"name":"Accueil","item":"https:\/\/bike-express.ch\/de\/"},{"@type":"ListItem","position":2,"name":"Unsere Produkte","item":"https:\/\/bike-express.ch\/de\/unsere-produkte\/"},{"@type":"ListItem","position":3,"name":"BBB Display update, bois, 1er m\u00e8tre 210cm (hauteur totale 220cm)"}]},{"@type":"WebSite","@id":"https:\/\/bike-express.ch\/de\/#website","url":"https:\/\/bike-express.ch\/de\/","name":"Bike Express","description":"Num\u00e9ro 1 des pi\u00e8ces de v\u00e9los en Suisse","potentialAction":[{"@type":"SearchAction","target":{"@type":"EntryPoint","urlTemplate":"https:\/\/bike-express.ch\/de\/?s={search_term_string}"},"query-input":{"@type":"PropertyValueSpecification","valueRequired":true,"valueName":"search_term_string"}}],"inLanguage":"de"}]}},"_links":{"self":[{"href":"https:\/\/bike-express.ch\/de\/wp-json\/wp\/v2\/product\/490273","targetHints":{"allow":["GET"]}}],"collection":[{"href":"https:\/\/bike-express.ch\/de\/wp-json\/wp\/v2\/product"}],"about":[{"href":"https:\/\/bike-express.ch\/de\/wp-json\/wp\/v2\/types\/product"}],"wp:featuredmedia":[{"embeddable":true,"href":"https:\/\/bike-express.ch\/de\/wp-json\/wp\/v2\/media\/490270"}],"wp:attachment":[{"href":"https:\/\/bike-express.ch\/de\/wp-json\/wp\/v2\/media?parent=490273"}],"wp:term":[{"taxonomy":"product_brand","embeddable":true,"href":"https:\/\/bike-express.ch\/de\/wp-json\/wp\/v2\/product_brand?post=490273"},{"taxonomy":"product_cat","embeddable":true,"href":"https:\/\/bike-express.ch\/de\/wp-json\/wp\/v2\/product_cat?post=490273"},{"taxonomy":"product_tag","embeddable":true,"href":"https:\/\/bike-express.ch\/de\/wp-json\/wp\/v2\/product_tag?post=490273"}],"curies":[{"name":"wp","href":"https:\/\/api.w.org\/{rel}","templated":true}]}}