{"id":492467,"date":"2026-03-19T01:43:32","date_gmt":"2026-03-19T00:43:32","guid":{"rendered":"https:\/\/bike-express.ch\/produit\/hs02-14-headset-frame-cover-no-spb-58mm-2\/"},"modified":"2026-03-19T01:43:32","modified_gmt":"2026-03-19T00:43:32","slug":"hs02-14-headset-frame-cover-no-spb-58mm-2","status":"publish","type":"product","link":"https:\/\/bike-express.ch\/de\/produit\/hs02-14-headset-frame-cover-no-spb-58mm-2\/","title":{"rendered":"HS02-14 HEADSET FRAME COVER no SPB 58mm"},"content":{"rendered":"<p>HS02-14 HEADSET FRAME COVER no SPB 58mm<\/p>\n","protected":false},"excerpt":{"rendered":"<p>HS02-14 HEADSET FRAME COVER no SPB 58mm<\/p>\n","protected":false},"featured_media":492464,"template":"","meta":[],"product_brand":[],"product_cat":[116838],"product_tag":[],"class_list":{"0":"post-492467","1":"product","2":"type-product","3":"status-publish","4":"has-post-thumbnail","6":"product_cat-velos-parts","8":"first","9":"instock","10":"taxable","11":"shipping-taxable","12":"purchasable","13":"product-type-simple"},"yoast_head":"<!-- This site is optimized with the Yoast SEO plugin v27.1.1 - https:\/\/yoast.com\/product\/yoast-seo-wordpress\/ -->\n<title>HS02-14 HEADSET FRAME COVER no SPB 58mm - Bike Express<\/title>\n<meta name=\"robots\" content=\"index,follow\" \/>\n<link rel=\"canonical\" href=\"https:\/\/bike-express.ch\/de\/produit\/hs02-14-headset-frame-cover-no-spb-58mm-2\/\" \/>\n<meta property=\"og:locale\" content=\"de_DE\" \/>\n<meta property=\"og:type\" content=\"article\" \/>\n<meta property=\"og:title\" content=\"HS02-14 HEADSET FRAME COVER no SPB 58mm - Bike Express\" \/>\n<meta property=\"og:description\" content=\"HS02-14 HEADSET FRAME COVER no SPB 58mm\" \/>\n<meta property=\"og:url\" content=\"https:\/\/bike-express.ch\/de\/produit\/hs02-14-headset-frame-cover-no-spb-58mm-2\/\" \/>\n<meta property=\"og:site_name\" content=\"Bike Express\" \/>\n<meta name=\"twitter:card\" content=\"summary_large_image\" \/>\n<script type=\"application\/ld+json\" class=\"yoast-schema-graph\">{\"@context\":\"https:\/\/schema.org\",\"@graph\":[{\"@type\":\"WebPage\",\"@id\":\"https:\/\/bike-express.ch\/de\/produit\/hs02-14-headset-frame-cover-no-spb-58mm-2\/\",\"url\":\"https:\/\/bike-express.ch\/de\/produit\/hs02-14-headset-frame-cover-no-spb-58mm-2\/\",\"name\":\"HS02-14 HEADSET FRAME COVER no SPB 58mm - Bike Express\",\"isPartOf\":{\"@id\":\"https:\/\/bike-express.ch\/de\/#website\"},\"primaryImageOfPage\":{\"@id\":\"https:\/\/bike-express.ch\/de\/produit\/hs02-14-headset-frame-cover-no-spb-58mm-2\/#primaryimage\"},\"image\":{\"@id\":\"https:\/\/bike-express.ch\/de\/produit\/hs02-14-headset-frame-cover-no-spb-58mm-2\/#primaryimage\"},\"thumbnailUrl\":\"https:\/\/bike-express.ch\/wp-content\/uploads\/2026\/03\/H3024N_gr.jpg\",\"datePublished\":\"2026-03-19T00:43:32+00:00\",\"breadcrumb\":{\"@id\":\"https:\/\/bike-express.ch\/de\/produit\/hs02-14-headset-frame-cover-no-spb-58mm-2\/#breadcrumb\"},\"inLanguage\":\"de\",\"potentialAction\":[{\"@type\":\"ReadAction\",\"target\":[\"https:\/\/bike-express.ch\/de\/produit\/hs02-14-headset-frame-cover-no-spb-58mm-2\/\"]}]},{\"@type\":\"ImageObject\",\"inLanguage\":\"de\",\"@id\":\"https:\/\/bike-express.ch\/de\/produit\/hs02-14-headset-frame-cover-no-spb-58mm-2\/#primaryimage\",\"url\":\"https:\/\/bike-express.ch\/wp-content\/uploads\/2026\/03\/H3024N_gr.jpg\",\"contentUrl\":\"https:\/\/bike-express.ch\/wp-content\/uploads\/2026\/03\/H3024N_gr.jpg\",\"width\":1280,\"height\":720},{\"@type\":\"BreadcrumbList\",\"@id\":\"https:\/\/bike-express.ch\/de\/produit\/hs02-14-headset-frame-cover-no-spb-58mm-2\/#breadcrumb\",\"itemListElement\":[{\"@type\":\"ListItem\",\"position\":1,\"name\":\"Accueil\",\"item\":\"https:\/\/bike-express.ch\/de\/\"},{\"@type\":\"ListItem\",\"position\":2,\"name\":\"Unsere Produkte\",\"item\":\"https:\/\/bike-express.ch\/de\/unsere-produkte\/\"},{\"@type\":\"ListItem\",\"position\":3,\"name\":\"HS02-14 HEADSET FRAME COVER no SPB 58mm\"}]},{\"@type\":\"WebSite\",\"@id\":\"https:\/\/bike-express.ch\/de\/#website\",\"url\":\"https:\/\/bike-express.ch\/de\/\",\"name\":\"Bike Express\",\"description\":\"Num\u00e9ro 1 des pi\u00e8ces de v\u00e9los en Suisse\",\"potentialAction\":[{\"@type\":\"SearchAction\",\"target\":{\"@type\":\"EntryPoint\",\"urlTemplate\":\"https:\/\/bike-express.ch\/de\/?s={search_term_string}\"},\"query-input\":{\"@type\":\"PropertyValueSpecification\",\"valueRequired\":true,\"valueName\":\"search_term_string\"}}],\"inLanguage\":\"de\"}]}<\/script>\n<!-- \/ Yoast SEO plugin. -->","yoast_head_json":{"title":"HS02-14 HEADSET FRAME COVER no SPB 58mm - Bike Express","robots":{"index,follow":"index,follow"},"canonical":"https:\/\/bike-express.ch\/de\/produit\/hs02-14-headset-frame-cover-no-spb-58mm-2\/","og_locale":"de_DE","og_type":"article","og_title":"HS02-14 HEADSET FRAME COVER no SPB 58mm - Bike Express","og_description":"HS02-14 HEADSET FRAME COVER no SPB 58mm","og_url":"https:\/\/bike-express.ch\/de\/produit\/hs02-14-headset-frame-cover-no-spb-58mm-2\/","og_site_name":"Bike Express","twitter_card":"summary_large_image","schema":{"@context":"https:\/\/schema.org","@graph":[{"@type":"WebPage","@id":"https:\/\/bike-express.ch\/de\/produit\/hs02-14-headset-frame-cover-no-spb-58mm-2\/","url":"https:\/\/bike-express.ch\/de\/produit\/hs02-14-headset-frame-cover-no-spb-58mm-2\/","name":"HS02-14 HEADSET FRAME COVER no SPB 58mm - Bike Express","isPartOf":{"@id":"https:\/\/bike-express.ch\/de\/#website"},"primaryImageOfPage":{"@id":"https:\/\/bike-express.ch\/de\/produit\/hs02-14-headset-frame-cover-no-spb-58mm-2\/#primaryimage"},"image":{"@id":"https:\/\/bike-express.ch\/de\/produit\/hs02-14-headset-frame-cover-no-spb-58mm-2\/#primaryimage"},"thumbnailUrl":"https:\/\/bike-express.ch\/wp-content\/uploads\/2026\/03\/H3024N_gr.jpg","datePublished":"2026-03-19T00:43:32+00:00","breadcrumb":{"@id":"https:\/\/bike-express.ch\/de\/produit\/hs02-14-headset-frame-cover-no-spb-58mm-2\/#breadcrumb"},"inLanguage":"de","potentialAction":[{"@type":"ReadAction","target":["https:\/\/bike-express.ch\/de\/produit\/hs02-14-headset-frame-cover-no-spb-58mm-2\/"]}]},{"@type":"ImageObject","inLanguage":"de","@id":"https:\/\/bike-express.ch\/de\/produit\/hs02-14-headset-frame-cover-no-spb-58mm-2\/#primaryimage","url":"https:\/\/bike-express.ch\/wp-content\/uploads\/2026\/03\/H3024N_gr.jpg","contentUrl":"https:\/\/bike-express.ch\/wp-content\/uploads\/2026\/03\/H3024N_gr.jpg","width":1280,"height":720},{"@type":"BreadcrumbList","@id":"https:\/\/bike-express.ch\/de\/produit\/hs02-14-headset-frame-cover-no-spb-58mm-2\/#breadcrumb","itemListElement":[{"@type":"ListItem","position":1,"name":"Accueil","item":"https:\/\/bike-express.ch\/de\/"},{"@type":"ListItem","position":2,"name":"Unsere Produkte","item":"https:\/\/bike-express.ch\/de\/unsere-produkte\/"},{"@type":"ListItem","position":3,"name":"HS02-14 HEADSET FRAME COVER no SPB 58mm"}]},{"@type":"WebSite","@id":"https:\/\/bike-express.ch\/de\/#website","url":"https:\/\/bike-express.ch\/de\/","name":"Bike Express","description":"Num\u00e9ro 1 des pi\u00e8ces de v\u00e9los en Suisse","potentialAction":[{"@type":"SearchAction","target":{"@type":"EntryPoint","urlTemplate":"https:\/\/bike-express.ch\/de\/?s={search_term_string}"},"query-input":{"@type":"PropertyValueSpecification","valueRequired":true,"valueName":"search_term_string"}}],"inLanguage":"de"}]}},"_links":{"self":[{"href":"https:\/\/bike-express.ch\/de\/wp-json\/wp\/v2\/product\/492467","targetHints":{"allow":["GET"]}}],"collection":[{"href":"https:\/\/bike-express.ch\/de\/wp-json\/wp\/v2\/product"}],"about":[{"href":"https:\/\/bike-express.ch\/de\/wp-json\/wp\/v2\/types\/product"}],"wp:featuredmedia":[{"embeddable":true,"href":"https:\/\/bike-express.ch\/de\/wp-json\/wp\/v2\/media\/492464"}],"wp:attachment":[{"href":"https:\/\/bike-express.ch\/de\/wp-json\/wp\/v2\/media?parent=492467"}],"wp:term":[{"taxonomy":"product_brand","embeddable":true,"href":"https:\/\/bike-express.ch\/de\/wp-json\/wp\/v2\/product_brand?post=492467"},{"taxonomy":"product_cat","embeddable":true,"href":"https:\/\/bike-express.ch\/de\/wp-json\/wp\/v2\/product_cat?post=492467"},{"taxonomy":"product_tag","embeddable":true,"href":"https:\/\/bike-express.ch\/de\/wp-json\/wp\/v2\/product_tag?post=492467"}],"curies":[{"name":"wp","href":"https:\/\/api.w.org\/{rel}","templated":true}]}}