{"id":497710,"date":"2026-03-19T15:08:48","date_gmt":"2026-03-19T14:08:48","guid":{"rendered":"https:\/\/bike-express.ch\/produit\/connecteur-de-chaine-12-vitesse-en-nickel\/"},"modified":"2026-03-19T15:08:48","modified_gmt":"2026-03-19T14:08:48","slug":"connecteur-de-chaine-12-vitesse-en-nickel","status":"publish","type":"product","link":"https:\/\/bike-express.ch\/de\/produit\/connecteur-de-chaine-12-vitesse-en-nickel\/","title":{"rendered":"Connecteur de chaine 12-vitesse en nickel"},"content":{"rendered":"<p>Connecteur de chaine 12-vitesse en nickel<\/p>\n","protected":false},"excerpt":{"rendered":"<p>Connecteur de chaine 12-vitesse en nickel<\/p>\n","protected":false},"featured_media":497707,"template":"","meta":[],"product_brand":[],"product_cat":[116838],"product_tag":[],"class_list":{"0":"post-497710","1":"product","2":"type-product","3":"status-publish","4":"has-post-thumbnail","6":"product_cat-velos-parts","8":"first","9":"instock","10":"taxable","11":"shipping-taxable","12":"purchasable","13":"product-type-simple"},"yoast_head":"<!-- This site is optimized with the Yoast SEO plugin v27.1.1 - https:\/\/yoast.com\/product\/yoast-seo-wordpress\/ -->\n<title>Connecteur de chaine 12-vitesse en nickel - Bike Express<\/title>\n<meta name=\"robots\" content=\"index,follow\" \/>\n<link rel=\"canonical\" href=\"https:\/\/bike-express.ch\/de\/produit\/connecteur-de-chaine-12-vitesse-en-nickel\/\" \/>\n<meta property=\"og:locale\" content=\"de_DE\" \/>\n<meta property=\"og:type\" content=\"article\" \/>\n<meta property=\"og:title\" content=\"Connecteur de chaine 12-vitesse en nickel - Bike Express\" \/>\n<meta property=\"og:description\" content=\"Connecteur de chaine 12-vitesse en nickel\" \/>\n<meta property=\"og:url\" content=\"https:\/\/bike-express.ch\/de\/produit\/connecteur-de-chaine-12-vitesse-en-nickel\/\" \/>\n<meta property=\"og:site_name\" content=\"Bike Express\" \/>\n<meta name=\"twitter:card\" content=\"summary_large_image\" \/>\n<script type=\"application\/ld+json\" class=\"yoast-schema-graph\">{\"@context\":\"https:\/\/schema.org\",\"@graph\":[{\"@type\":\"WebPage\",\"@id\":\"https:\/\/bike-express.ch\/de\/produit\/connecteur-de-chaine-12-vitesse-en-nickel\/\",\"url\":\"https:\/\/bike-express.ch\/de\/produit\/connecteur-de-chaine-12-vitesse-en-nickel\/\",\"name\":\"Connecteur de chaine 12-vitesse en nickel - Bike Express\",\"isPartOf\":{\"@id\":\"https:\/\/bike-express.ch\/de\/#website\"},\"primaryImageOfPage\":{\"@id\":\"https:\/\/bike-express.ch\/de\/produit\/connecteur-de-chaine-12-vitesse-en-nickel\/#primaryimage\"},\"image\":{\"@id\":\"https:\/\/bike-express.ch\/de\/produit\/connecteur-de-chaine-12-vitesse-en-nickel\/#primaryimage\"},\"thumbnailUrl\":\"https:\/\/bike-express.ch\/wp-content\/uploads\/2026\/03\/H8258F_gr.jpg\",\"datePublished\":\"2026-03-19T14:08:48+00:00\",\"breadcrumb\":{\"@id\":\"https:\/\/bike-express.ch\/de\/produit\/connecteur-de-chaine-12-vitesse-en-nickel\/#breadcrumb\"},\"inLanguage\":\"de\",\"potentialAction\":[{\"@type\":\"ReadAction\",\"target\":[\"https:\/\/bike-express.ch\/de\/produit\/connecteur-de-chaine-12-vitesse-en-nickel\/\"]}]},{\"@type\":\"ImageObject\",\"inLanguage\":\"de\",\"@id\":\"https:\/\/bike-express.ch\/de\/produit\/connecteur-de-chaine-12-vitesse-en-nickel\/#primaryimage\",\"url\":\"https:\/\/bike-express.ch\/wp-content\/uploads\/2026\/03\/H8258F_gr.jpg\",\"contentUrl\":\"https:\/\/bike-express.ch\/wp-content\/uploads\/2026\/03\/H8258F_gr.jpg\",\"width\":1280,\"height\":720},{\"@type\":\"BreadcrumbList\",\"@id\":\"https:\/\/bike-express.ch\/de\/produit\/connecteur-de-chaine-12-vitesse-en-nickel\/#breadcrumb\",\"itemListElement\":[{\"@type\":\"ListItem\",\"position\":1,\"name\":\"Accueil\",\"item\":\"https:\/\/bike-express.ch\/de\/\"},{\"@type\":\"ListItem\",\"position\":2,\"name\":\"Unsere Produkte\",\"item\":\"https:\/\/bike-express.ch\/de\/unsere-produkte\/\"},{\"@type\":\"ListItem\",\"position\":3,\"name\":\"Connecteur de chaine 12-vitesse en nickel\"}]},{\"@type\":\"WebSite\",\"@id\":\"https:\/\/bike-express.ch\/de\/#website\",\"url\":\"https:\/\/bike-express.ch\/de\/\",\"name\":\"Bike Express\",\"description\":\"Num\u00e9ro 1 des pi\u00e8ces de v\u00e9los en Suisse\",\"potentialAction\":[{\"@type\":\"SearchAction\",\"target\":{\"@type\":\"EntryPoint\",\"urlTemplate\":\"https:\/\/bike-express.ch\/de\/?s={search_term_string}\"},\"query-input\":{\"@type\":\"PropertyValueSpecification\",\"valueRequired\":true,\"valueName\":\"search_term_string\"}}],\"inLanguage\":\"de\"}]}<\/script>\n<!-- \/ Yoast SEO plugin. -->","yoast_head_json":{"title":"Connecteur de chaine 12-vitesse en nickel - Bike Express","robots":{"index,follow":"index,follow"},"canonical":"https:\/\/bike-express.ch\/de\/produit\/connecteur-de-chaine-12-vitesse-en-nickel\/","og_locale":"de_DE","og_type":"article","og_title":"Connecteur de chaine 12-vitesse en nickel - Bike Express","og_description":"Connecteur de chaine 12-vitesse en nickel","og_url":"https:\/\/bike-express.ch\/de\/produit\/connecteur-de-chaine-12-vitesse-en-nickel\/","og_site_name":"Bike Express","twitter_card":"summary_large_image","schema":{"@context":"https:\/\/schema.org","@graph":[{"@type":"WebPage","@id":"https:\/\/bike-express.ch\/de\/produit\/connecteur-de-chaine-12-vitesse-en-nickel\/","url":"https:\/\/bike-express.ch\/de\/produit\/connecteur-de-chaine-12-vitesse-en-nickel\/","name":"Connecteur de chaine 12-vitesse en nickel - Bike Express","isPartOf":{"@id":"https:\/\/bike-express.ch\/de\/#website"},"primaryImageOfPage":{"@id":"https:\/\/bike-express.ch\/de\/produit\/connecteur-de-chaine-12-vitesse-en-nickel\/#primaryimage"},"image":{"@id":"https:\/\/bike-express.ch\/de\/produit\/connecteur-de-chaine-12-vitesse-en-nickel\/#primaryimage"},"thumbnailUrl":"https:\/\/bike-express.ch\/wp-content\/uploads\/2026\/03\/H8258F_gr.jpg","datePublished":"2026-03-19T14:08:48+00:00","breadcrumb":{"@id":"https:\/\/bike-express.ch\/de\/produit\/connecteur-de-chaine-12-vitesse-en-nickel\/#breadcrumb"},"inLanguage":"de","potentialAction":[{"@type":"ReadAction","target":["https:\/\/bike-express.ch\/de\/produit\/connecteur-de-chaine-12-vitesse-en-nickel\/"]}]},{"@type":"ImageObject","inLanguage":"de","@id":"https:\/\/bike-express.ch\/de\/produit\/connecteur-de-chaine-12-vitesse-en-nickel\/#primaryimage","url":"https:\/\/bike-express.ch\/wp-content\/uploads\/2026\/03\/H8258F_gr.jpg","contentUrl":"https:\/\/bike-express.ch\/wp-content\/uploads\/2026\/03\/H8258F_gr.jpg","width":1280,"height":720},{"@type":"BreadcrumbList","@id":"https:\/\/bike-express.ch\/de\/produit\/connecteur-de-chaine-12-vitesse-en-nickel\/#breadcrumb","itemListElement":[{"@type":"ListItem","position":1,"name":"Accueil","item":"https:\/\/bike-express.ch\/de\/"},{"@type":"ListItem","position":2,"name":"Unsere Produkte","item":"https:\/\/bike-express.ch\/de\/unsere-produkte\/"},{"@type":"ListItem","position":3,"name":"Connecteur de chaine 12-vitesse en nickel"}]},{"@type":"WebSite","@id":"https:\/\/bike-express.ch\/de\/#website","url":"https:\/\/bike-express.ch\/de\/","name":"Bike Express","description":"Num\u00e9ro 1 des pi\u00e8ces de v\u00e9los en Suisse","potentialAction":[{"@type":"SearchAction","target":{"@type":"EntryPoint","urlTemplate":"https:\/\/bike-express.ch\/de\/?s={search_term_string}"},"query-input":{"@type":"PropertyValueSpecification","valueRequired":true,"valueName":"search_term_string"}}],"inLanguage":"de"}]}},"_links":{"self":[{"href":"https:\/\/bike-express.ch\/de\/wp-json\/wp\/v2\/product\/497710","targetHints":{"allow":["GET"]}}],"collection":[{"href":"https:\/\/bike-express.ch\/de\/wp-json\/wp\/v2\/product"}],"about":[{"href":"https:\/\/bike-express.ch\/de\/wp-json\/wp\/v2\/types\/product"}],"wp:featuredmedia":[{"embeddable":true,"href":"https:\/\/bike-express.ch\/de\/wp-json\/wp\/v2\/media\/497707"}],"wp:attachment":[{"href":"https:\/\/bike-express.ch\/de\/wp-json\/wp\/v2\/media?parent=497710"}],"wp:term":[{"taxonomy":"product_brand","embeddable":true,"href":"https:\/\/bike-express.ch\/de\/wp-json\/wp\/v2\/product_brand?post=497710"},{"taxonomy":"product_cat","embeddable":true,"href":"https:\/\/bike-express.ch\/de\/wp-json\/wp\/v2\/product_cat?post=497710"},{"taxonomy":"product_tag","embeddable":true,"href":"https:\/\/bike-express.ch\/de\/wp-json\/wp\/v2\/product_tag?post=497710"}],"curies":[{"name":"wp","href":"https:\/\/api.w.org\/{rel}","templated":true}]}}