{"id":499651,"date":"2026-03-19T15:16:21","date_gmt":"2026-03-19T14:16:21","guid":{"rendered":"https:\/\/bike-express.ch\/produit\/elitepost-light-30-9-x-400mm-offset-0mm\/"},"modified":"2026-03-19T15:16:21","modified_gmt":"2026-03-19T14:16:21","slug":"elitepost-light-30-9-x-400mm-offset-0mm","status":"publish","type":"product","link":"https:\/\/bike-express.ch\/de\/produit\/elitepost-light-30-9-x-400mm-offset-0mm\/","title":{"rendered":"Elitepost Light 30.9 x 400mm, Offset 0mm"},"content":{"rendered":"<p>Elitepost Light 30.9 x 400mm, Offset 0mm<\/p>\n","protected":false},"excerpt":{"rendered":"<p>Elitepost Light 30.9 x 400mm, Offset 0mm<\/p>\n","protected":false},"featured_media":499648,"template":"","meta":[],"product_brand":[],"product_cat":[116838],"product_tag":[],"class_list":{"0":"post-499651","1":"product","2":"type-product","3":"status-publish","4":"has-post-thumbnail","6":"product_cat-velos-parts","8":"first","9":"instock","10":"taxable","11":"shipping-taxable","12":"purchasable","13":"product-type-simple"},"yoast_head":"<!-- This site is optimized with the Yoast SEO plugin v27.1.1 - https:\/\/yoast.com\/product\/yoast-seo-wordpress\/ -->\n<title>Elitepost Light 30.9 x 400mm, Offset 0mm - Bike Express<\/title>\n<meta name=\"robots\" content=\"index,follow\" \/>\n<link rel=\"canonical\" href=\"https:\/\/bike-express.ch\/de\/produit\/elitepost-light-30-9-x-400mm-offset-0mm\/\" \/>\n<meta property=\"og:locale\" content=\"de_DE\" \/>\n<meta property=\"og:type\" content=\"article\" \/>\n<meta property=\"og:title\" content=\"Elitepost Light 30.9 x 400mm, Offset 0mm - Bike Express\" \/>\n<meta property=\"og:description\" content=\"Elitepost Light 30.9 x 400mm, Offset 0mm\" \/>\n<meta property=\"og:url\" content=\"https:\/\/bike-express.ch\/de\/produit\/elitepost-light-30-9-x-400mm-offset-0mm\/\" \/>\n<meta property=\"og:site_name\" content=\"Bike Express\" \/>\n<meta name=\"twitter:card\" content=\"summary_large_image\" \/>\n<script type=\"application\/ld+json\" class=\"yoast-schema-graph\">{\"@context\":\"https:\/\/schema.org\",\"@graph\":[{\"@type\":\"WebPage\",\"@id\":\"https:\/\/bike-express.ch\/de\/produit\/elitepost-light-30-9-x-400mm-offset-0mm\/\",\"url\":\"https:\/\/bike-express.ch\/de\/produit\/elitepost-light-30-9-x-400mm-offset-0mm\/\",\"name\":\"Elitepost Light 30.9 x 400mm, Offset 0mm - Bike Express\",\"isPartOf\":{\"@id\":\"https:\/\/bike-express.ch\/de\/#website\"},\"primaryImageOfPage\":{\"@id\":\"https:\/\/bike-express.ch\/de\/produit\/elitepost-light-30-9-x-400mm-offset-0mm\/#primaryimage\"},\"image\":{\"@id\":\"https:\/\/bike-express.ch\/de\/produit\/elitepost-light-30-9-x-400mm-offset-0mm\/#primaryimage\"},\"thumbnailUrl\":\"https:\/\/bike-express.ch\/wp-content\/uploads\/2026\/03\/H8279S_gr.jpg\",\"datePublished\":\"2026-03-19T14:16:21+00:00\",\"breadcrumb\":{\"@id\":\"https:\/\/bike-express.ch\/de\/produit\/elitepost-light-30-9-x-400mm-offset-0mm\/#breadcrumb\"},\"inLanguage\":\"de\",\"potentialAction\":[{\"@type\":\"ReadAction\",\"target\":[\"https:\/\/bike-express.ch\/de\/produit\/elitepost-light-30-9-x-400mm-offset-0mm\/\"]}]},{\"@type\":\"ImageObject\",\"inLanguage\":\"de\",\"@id\":\"https:\/\/bike-express.ch\/de\/produit\/elitepost-light-30-9-x-400mm-offset-0mm\/#primaryimage\",\"url\":\"https:\/\/bike-express.ch\/wp-content\/uploads\/2026\/03\/H8279S_gr.jpg\",\"contentUrl\":\"https:\/\/bike-express.ch\/wp-content\/uploads\/2026\/03\/H8279S_gr.jpg\",\"width\":1280,\"height\":720},{\"@type\":\"BreadcrumbList\",\"@id\":\"https:\/\/bike-express.ch\/de\/produit\/elitepost-light-30-9-x-400mm-offset-0mm\/#breadcrumb\",\"itemListElement\":[{\"@type\":\"ListItem\",\"position\":1,\"name\":\"Accueil\",\"item\":\"https:\/\/bike-express.ch\/de\/\"},{\"@type\":\"ListItem\",\"position\":2,\"name\":\"Unsere Produkte\",\"item\":\"https:\/\/bike-express.ch\/de\/unsere-produkte\/\"},{\"@type\":\"ListItem\",\"position\":3,\"name\":\"Elitepost Light 30.9 x 400mm, Offset 0mm\"}]},{\"@type\":\"WebSite\",\"@id\":\"https:\/\/bike-express.ch\/de\/#website\",\"url\":\"https:\/\/bike-express.ch\/de\/\",\"name\":\"Bike Express\",\"description\":\"Num\u00e9ro 1 des pi\u00e8ces de v\u00e9los en Suisse\",\"potentialAction\":[{\"@type\":\"SearchAction\",\"target\":{\"@type\":\"EntryPoint\",\"urlTemplate\":\"https:\/\/bike-express.ch\/de\/?s={search_term_string}\"},\"query-input\":{\"@type\":\"PropertyValueSpecification\",\"valueRequired\":true,\"valueName\":\"search_term_string\"}}],\"inLanguage\":\"de\"}]}<\/script>\n<!-- \/ Yoast SEO plugin. -->","yoast_head_json":{"title":"Elitepost Light 30.9 x 400mm, Offset 0mm - Bike Express","robots":{"index,follow":"index,follow"},"canonical":"https:\/\/bike-express.ch\/de\/produit\/elitepost-light-30-9-x-400mm-offset-0mm\/","og_locale":"de_DE","og_type":"article","og_title":"Elitepost Light 30.9 x 400mm, Offset 0mm - Bike Express","og_description":"Elitepost Light 30.9 x 400mm, Offset 0mm","og_url":"https:\/\/bike-express.ch\/de\/produit\/elitepost-light-30-9-x-400mm-offset-0mm\/","og_site_name":"Bike Express","twitter_card":"summary_large_image","schema":{"@context":"https:\/\/schema.org","@graph":[{"@type":"WebPage","@id":"https:\/\/bike-express.ch\/de\/produit\/elitepost-light-30-9-x-400mm-offset-0mm\/","url":"https:\/\/bike-express.ch\/de\/produit\/elitepost-light-30-9-x-400mm-offset-0mm\/","name":"Elitepost Light 30.9 x 400mm, Offset 0mm - Bike Express","isPartOf":{"@id":"https:\/\/bike-express.ch\/de\/#website"},"primaryImageOfPage":{"@id":"https:\/\/bike-express.ch\/de\/produit\/elitepost-light-30-9-x-400mm-offset-0mm\/#primaryimage"},"image":{"@id":"https:\/\/bike-express.ch\/de\/produit\/elitepost-light-30-9-x-400mm-offset-0mm\/#primaryimage"},"thumbnailUrl":"https:\/\/bike-express.ch\/wp-content\/uploads\/2026\/03\/H8279S_gr.jpg","datePublished":"2026-03-19T14:16:21+00:00","breadcrumb":{"@id":"https:\/\/bike-express.ch\/de\/produit\/elitepost-light-30-9-x-400mm-offset-0mm\/#breadcrumb"},"inLanguage":"de","potentialAction":[{"@type":"ReadAction","target":["https:\/\/bike-express.ch\/de\/produit\/elitepost-light-30-9-x-400mm-offset-0mm\/"]}]},{"@type":"ImageObject","inLanguage":"de","@id":"https:\/\/bike-express.ch\/de\/produit\/elitepost-light-30-9-x-400mm-offset-0mm\/#primaryimage","url":"https:\/\/bike-express.ch\/wp-content\/uploads\/2026\/03\/H8279S_gr.jpg","contentUrl":"https:\/\/bike-express.ch\/wp-content\/uploads\/2026\/03\/H8279S_gr.jpg","width":1280,"height":720},{"@type":"BreadcrumbList","@id":"https:\/\/bike-express.ch\/de\/produit\/elitepost-light-30-9-x-400mm-offset-0mm\/#breadcrumb","itemListElement":[{"@type":"ListItem","position":1,"name":"Accueil","item":"https:\/\/bike-express.ch\/de\/"},{"@type":"ListItem","position":2,"name":"Unsere Produkte","item":"https:\/\/bike-express.ch\/de\/unsere-produkte\/"},{"@type":"ListItem","position":3,"name":"Elitepost Light 30.9 x 400mm, Offset 0mm"}]},{"@type":"WebSite","@id":"https:\/\/bike-express.ch\/de\/#website","url":"https:\/\/bike-express.ch\/de\/","name":"Bike Express","description":"Num\u00e9ro 1 des pi\u00e8ces de v\u00e9los en Suisse","potentialAction":[{"@type":"SearchAction","target":{"@type":"EntryPoint","urlTemplate":"https:\/\/bike-express.ch\/de\/?s={search_term_string}"},"query-input":{"@type":"PropertyValueSpecification","valueRequired":true,"valueName":"search_term_string"}}],"inLanguage":"de"}]}},"_links":{"self":[{"href":"https:\/\/bike-express.ch\/de\/wp-json\/wp\/v2\/product\/499651","targetHints":{"allow":["GET"]}}],"collection":[{"href":"https:\/\/bike-express.ch\/de\/wp-json\/wp\/v2\/product"}],"about":[{"href":"https:\/\/bike-express.ch\/de\/wp-json\/wp\/v2\/types\/product"}],"wp:featuredmedia":[{"embeddable":true,"href":"https:\/\/bike-express.ch\/de\/wp-json\/wp\/v2\/media\/499648"}],"wp:attachment":[{"href":"https:\/\/bike-express.ch\/de\/wp-json\/wp\/v2\/media?parent=499651"}],"wp:term":[{"taxonomy":"product_brand","embeddable":true,"href":"https:\/\/bike-express.ch\/de\/wp-json\/wp\/v2\/product_brand?post=499651"},{"taxonomy":"product_cat","embeddable":true,"href":"https:\/\/bike-express.ch\/de\/wp-json\/wp\/v2\/product_cat?post=499651"},{"taxonomy":"product_tag","embeddable":true,"href":"https:\/\/bike-express.ch\/de\/wp-json\/wp\/v2\/product_tag?post=499651"}],"curies":[{"name":"wp","href":"https:\/\/api.w.org\/{rel}","templated":true}]}}