{"id":504882,"date":"2026-03-19T15:40:04","date_gmt":"2026-03-19T14:40:04","guid":{"rendered":"https:\/\/bike-express.ch\/produit\/disque-capteur-r70-abs-gen-2-ue-1-pc\/"},"modified":"2026-03-19T15:40:04","modified_gmt":"2026-03-19T14:40:04","slug":"disque-capteur-r70-abs-gen-2-ue-1-pc","status":"publish","type":"product","link":"https:\/\/bike-express.ch\/de\/produit\/disque-capteur-r70-abs-gen-2-ue-1-pc\/","title":{"rendered":"Disque capteur R70 ABS Gen 2 (UE = 1 pc)"},"content":{"rendered":"<p>Disque capteur R70 ABS Gen 2 (UE = 1 pc)<\/p>\n","protected":false},"excerpt":{"rendered":"<p>Disque capteur R70 ABS Gen 2 (UE = 1 pc)<\/p>\n","protected":false},"featured_media":504879,"template":"","meta":[],"product_brand":[],"product_cat":[11847,116577],"product_tag":[],"class_list":{"0":"post-504882","1":"product","2":"type-product","3":"status-publish","4":"has-post-thumbnail","6":"product_cat-fahrrad-fahrradteile-de","7":"product_cat-wtb","9":"first","10":"instock","11":"taxable","12":"shipping-taxable","13":"purchasable","14":"product-type-simple"},"yoast_head":"<!-- This site is optimized with the Yoast SEO plugin v27.1.1 - https:\/\/yoast.com\/product\/yoast-seo-wordpress\/ -->\n<title>Disque capteur R70 ABS Gen 2 (UE = 1 pc) - Bike Express<\/title>\n<meta name=\"robots\" content=\"index,follow\" \/>\n<link rel=\"canonical\" href=\"https:\/\/bike-express.ch\/de\/produit\/disque-capteur-r70-abs-gen-2-ue-1-pc\/\" \/>\n<meta property=\"og:locale\" content=\"de_DE\" \/>\n<meta property=\"og:type\" content=\"article\" \/>\n<meta property=\"og:title\" content=\"Disque capteur R70 ABS Gen 2 (UE = 1 pc) - Bike Express\" \/>\n<meta property=\"og:description\" content=\"Disque capteur R70 ABS Gen 2 (UE = 1 pc)\" \/>\n<meta property=\"og:url\" content=\"https:\/\/bike-express.ch\/de\/produit\/disque-capteur-r70-abs-gen-2-ue-1-pc\/\" \/>\n<meta property=\"og:site_name\" content=\"Bike Express\" \/>\n<meta name=\"twitter:card\" content=\"summary_large_image\" \/>\n<script type=\"application\/ld+json\" class=\"yoast-schema-graph\">{\"@context\":\"https:\/\/schema.org\",\"@graph\":[{\"@type\":\"WebPage\",\"@id\":\"https:\/\/bike-express.ch\/de\/produit\/disque-capteur-r70-abs-gen-2-ue-1-pc\/\",\"url\":\"https:\/\/bike-express.ch\/de\/produit\/disque-capteur-r70-abs-gen-2-ue-1-pc\/\",\"name\":\"Disque capteur R70 ABS Gen 2 (UE = 1 pc) - Bike Express\",\"isPartOf\":{\"@id\":\"https:\/\/bike-express.ch\/de\/#website\"},\"primaryImageOfPage\":{\"@id\":\"https:\/\/bike-express.ch\/de\/produit\/disque-capteur-r70-abs-gen-2-ue-1-pc\/#primaryimage\"},\"image\":{\"@id\":\"https:\/\/bike-express.ch\/de\/produit\/disque-capteur-r70-abs-gen-2-ue-1-pc\/#primaryimage\"},\"thumbnailUrl\":\"https:\/\/bike-express.ch\/wp-content\/uploads\/2026\/03\/H8798M_gr.jpg\",\"datePublished\":\"2026-03-19T14:40:04+00:00\",\"breadcrumb\":{\"@id\":\"https:\/\/bike-express.ch\/de\/produit\/disque-capteur-r70-abs-gen-2-ue-1-pc\/#breadcrumb\"},\"inLanguage\":\"de\",\"potentialAction\":[{\"@type\":\"ReadAction\",\"target\":[\"https:\/\/bike-express.ch\/de\/produit\/disque-capteur-r70-abs-gen-2-ue-1-pc\/\"]}]},{\"@type\":\"ImageObject\",\"inLanguage\":\"de\",\"@id\":\"https:\/\/bike-express.ch\/de\/produit\/disque-capteur-r70-abs-gen-2-ue-1-pc\/#primaryimage\",\"url\":\"https:\/\/bike-express.ch\/wp-content\/uploads\/2026\/03\/H8798M_gr.jpg\",\"contentUrl\":\"https:\/\/bike-express.ch\/wp-content\/uploads\/2026\/03\/H8798M_gr.jpg\",\"width\":1280,\"height\":720},{\"@type\":\"BreadcrumbList\",\"@id\":\"https:\/\/bike-express.ch\/de\/produit\/disque-capteur-r70-abs-gen-2-ue-1-pc\/#breadcrumb\",\"itemListElement\":[{\"@type\":\"ListItem\",\"position\":1,\"name\":\"Accueil\",\"item\":\"https:\/\/bike-express.ch\/de\/\"},{\"@type\":\"ListItem\",\"position\":2,\"name\":\"Unsere Produkte\",\"item\":\"https:\/\/bike-express.ch\/de\/unsere-produkte\/\"},{\"@type\":\"ListItem\",\"position\":3,\"name\":\"Disque capteur R70 ABS Gen 2 (UE = 1 pc)\"}]},{\"@type\":\"WebSite\",\"@id\":\"https:\/\/bike-express.ch\/de\/#website\",\"url\":\"https:\/\/bike-express.ch\/de\/\",\"name\":\"Bike Express\",\"description\":\"Num\u00e9ro 1 des pi\u00e8ces de v\u00e9los en Suisse\",\"potentialAction\":[{\"@type\":\"SearchAction\",\"target\":{\"@type\":\"EntryPoint\",\"urlTemplate\":\"https:\/\/bike-express.ch\/de\/?s={search_term_string}\"},\"query-input\":{\"@type\":\"PropertyValueSpecification\",\"valueRequired\":true,\"valueName\":\"search_term_string\"}}],\"inLanguage\":\"de\"}]}<\/script>\n<!-- \/ Yoast SEO plugin. -->","yoast_head_json":{"title":"Disque capteur R70 ABS Gen 2 (UE = 1 pc) - Bike Express","robots":{"index,follow":"index,follow"},"canonical":"https:\/\/bike-express.ch\/de\/produit\/disque-capteur-r70-abs-gen-2-ue-1-pc\/","og_locale":"de_DE","og_type":"article","og_title":"Disque capteur R70 ABS Gen 2 (UE = 1 pc) - Bike Express","og_description":"Disque capteur R70 ABS Gen 2 (UE = 1 pc)","og_url":"https:\/\/bike-express.ch\/de\/produit\/disque-capteur-r70-abs-gen-2-ue-1-pc\/","og_site_name":"Bike Express","twitter_card":"summary_large_image","schema":{"@context":"https:\/\/schema.org","@graph":[{"@type":"WebPage","@id":"https:\/\/bike-express.ch\/de\/produit\/disque-capteur-r70-abs-gen-2-ue-1-pc\/","url":"https:\/\/bike-express.ch\/de\/produit\/disque-capteur-r70-abs-gen-2-ue-1-pc\/","name":"Disque capteur R70 ABS Gen 2 (UE = 1 pc) - Bike Express","isPartOf":{"@id":"https:\/\/bike-express.ch\/de\/#website"},"primaryImageOfPage":{"@id":"https:\/\/bike-express.ch\/de\/produit\/disque-capteur-r70-abs-gen-2-ue-1-pc\/#primaryimage"},"image":{"@id":"https:\/\/bike-express.ch\/de\/produit\/disque-capteur-r70-abs-gen-2-ue-1-pc\/#primaryimage"},"thumbnailUrl":"https:\/\/bike-express.ch\/wp-content\/uploads\/2026\/03\/H8798M_gr.jpg","datePublished":"2026-03-19T14:40:04+00:00","breadcrumb":{"@id":"https:\/\/bike-express.ch\/de\/produit\/disque-capteur-r70-abs-gen-2-ue-1-pc\/#breadcrumb"},"inLanguage":"de","potentialAction":[{"@type":"ReadAction","target":["https:\/\/bike-express.ch\/de\/produit\/disque-capteur-r70-abs-gen-2-ue-1-pc\/"]}]},{"@type":"ImageObject","inLanguage":"de","@id":"https:\/\/bike-express.ch\/de\/produit\/disque-capteur-r70-abs-gen-2-ue-1-pc\/#primaryimage","url":"https:\/\/bike-express.ch\/wp-content\/uploads\/2026\/03\/H8798M_gr.jpg","contentUrl":"https:\/\/bike-express.ch\/wp-content\/uploads\/2026\/03\/H8798M_gr.jpg","width":1280,"height":720},{"@type":"BreadcrumbList","@id":"https:\/\/bike-express.ch\/de\/produit\/disque-capteur-r70-abs-gen-2-ue-1-pc\/#breadcrumb","itemListElement":[{"@type":"ListItem","position":1,"name":"Accueil","item":"https:\/\/bike-express.ch\/de\/"},{"@type":"ListItem","position":2,"name":"Unsere Produkte","item":"https:\/\/bike-express.ch\/de\/unsere-produkte\/"},{"@type":"ListItem","position":3,"name":"Disque capteur R70 ABS Gen 2 (UE = 1 pc)"}]},{"@type":"WebSite","@id":"https:\/\/bike-express.ch\/de\/#website","url":"https:\/\/bike-express.ch\/de\/","name":"Bike Express","description":"Num\u00e9ro 1 des pi\u00e8ces de v\u00e9los en Suisse","potentialAction":[{"@type":"SearchAction","target":{"@type":"EntryPoint","urlTemplate":"https:\/\/bike-express.ch\/de\/?s={search_term_string}"},"query-input":{"@type":"PropertyValueSpecification","valueRequired":true,"valueName":"search_term_string"}}],"inLanguage":"de"}]}},"_links":{"self":[{"href":"https:\/\/bike-express.ch\/de\/wp-json\/wp\/v2\/product\/504882","targetHints":{"allow":["GET"]}}],"collection":[{"href":"https:\/\/bike-express.ch\/de\/wp-json\/wp\/v2\/product"}],"about":[{"href":"https:\/\/bike-express.ch\/de\/wp-json\/wp\/v2\/types\/product"}],"wp:featuredmedia":[{"embeddable":true,"href":"https:\/\/bike-express.ch\/de\/wp-json\/wp\/v2\/media\/504879"}],"wp:attachment":[{"href":"https:\/\/bike-express.ch\/de\/wp-json\/wp\/v2\/media?parent=504882"}],"wp:term":[{"taxonomy":"product_brand","embeddable":true,"href":"https:\/\/bike-express.ch\/de\/wp-json\/wp\/v2\/product_brand?post=504882"},{"taxonomy":"product_cat","embeddable":true,"href":"https:\/\/bike-express.ch\/de\/wp-json\/wp\/v2\/product_cat?post=504882"},{"taxonomy":"product_tag","embeddable":true,"href":"https:\/\/bike-express.ch\/de\/wp-json\/wp\/v2\/product_tag?post=504882"}],"curies":[{"name":"wp","href":"https:\/\/api.w.org\/{rel}","templated":true}]}}