{"id":506870,"date":"2026-03-19T15:52:14","date_gmt":"2026-03-19T14:52:14","guid":{"rendered":"https:\/\/bike-express.ch\/produit\/embouts-p-porte-baggages-gsd-hsd-nbd-vektron-quick-haul-short-haul\/"},"modified":"2026-03-19T15:52:14","modified_gmt":"2026-03-19T14:52:14","slug":"embouts-p-porte-baggages-gsd-hsd-nbd-vektron-quick-haul-short-haul","status":"publish","type":"product","link":"https:\/\/bike-express.ch\/de\/produit\/embouts-p-porte-baggages-gsd-hsd-nbd-vektron-quick-haul-short-haul\/","title":{"rendered":"Embouts p. porte baggages., GSD, HSD, NBD, Vektron, Quick Haul, Short Haul"},"content":{"rendered":"<p>Embouts p. porte baggages., GSD, HSD, NBD, Vektron, Quick Haul, Short Haul<\/p>\n","protected":false},"excerpt":{"rendered":"<p>Embouts p. porte baggages., GSD, HSD, NBD, Vektron, Quick Haul, Short Haul<\/p>\n","protected":false},"featured_media":506867,"template":"","meta":[],"product_brand":[],"product_cat":[116838],"product_tag":[],"class_list":{"0":"post-506870","1":"product","2":"type-product","3":"status-publish","4":"has-post-thumbnail","6":"product_cat-velos-parts","8":"first","9":"instock","10":"taxable","11":"shipping-taxable","12":"purchasable","13":"product-type-simple"},"yoast_head":"<!-- This site is optimized with the Yoast SEO plugin v27.1.1 - https:\/\/yoast.com\/product\/yoast-seo-wordpress\/ -->\n<title>Embouts p. porte baggages., GSD, HSD, NBD, Vektron, Quick Haul, Short Haul - Bike Express<\/title>\n<meta name=\"robots\" content=\"index,follow\" \/>\n<link rel=\"canonical\" href=\"https:\/\/bike-express.ch\/de\/produit\/embouts-p-porte-baggages-gsd-hsd-nbd-vektron-quick-haul-short-haul\/\" \/>\n<meta property=\"og:locale\" content=\"de_DE\" \/>\n<meta property=\"og:type\" content=\"article\" \/>\n<meta property=\"og:title\" content=\"Embouts p. porte baggages., GSD, HSD, NBD, Vektron, Quick Haul, Short Haul - Bike Express\" \/>\n<meta property=\"og:description\" content=\"Embouts p. porte baggages., GSD, HSD, NBD, Vektron, Quick Haul, Short Haul\" \/>\n<meta property=\"og:url\" content=\"https:\/\/bike-express.ch\/de\/produit\/embouts-p-porte-baggages-gsd-hsd-nbd-vektron-quick-haul-short-haul\/\" \/>\n<meta property=\"og:site_name\" content=\"Bike Express\" \/>\n<meta name=\"twitter:card\" content=\"summary_large_image\" \/>\n<script type=\"application\/ld+json\" class=\"yoast-schema-graph\">{\"@context\":\"https:\/\/schema.org\",\"@graph\":[{\"@type\":\"WebPage\",\"@id\":\"https:\/\/bike-express.ch\/de\/produit\/embouts-p-porte-baggages-gsd-hsd-nbd-vektron-quick-haul-short-haul\/\",\"url\":\"https:\/\/bike-express.ch\/de\/produit\/embouts-p-porte-baggages-gsd-hsd-nbd-vektron-quick-haul-short-haul\/\",\"name\":\"Embouts p. porte baggages., GSD, HSD, NBD, Vektron, Quick Haul, Short Haul - Bike Express\",\"isPartOf\":{\"@id\":\"https:\/\/bike-express.ch\/de\/#website\"},\"primaryImageOfPage\":{\"@id\":\"https:\/\/bike-express.ch\/de\/produit\/embouts-p-porte-baggages-gsd-hsd-nbd-vektron-quick-haul-short-haul\/#primaryimage\"},\"image\":{\"@id\":\"https:\/\/bike-express.ch\/de\/produit\/embouts-p-porte-baggages-gsd-hsd-nbd-vektron-quick-haul-short-haul\/#primaryimage\"},\"thumbnailUrl\":\"https:\/\/bike-express.ch\/wp-content\/uploads\/2026\/03\/H9019Q_gr.jpg\",\"datePublished\":\"2026-03-19T14:52:14+00:00\",\"breadcrumb\":{\"@id\":\"https:\/\/bike-express.ch\/de\/produit\/embouts-p-porte-baggages-gsd-hsd-nbd-vektron-quick-haul-short-haul\/#breadcrumb\"},\"inLanguage\":\"de\",\"potentialAction\":[{\"@type\":\"ReadAction\",\"target\":[\"https:\/\/bike-express.ch\/de\/produit\/embouts-p-porte-baggages-gsd-hsd-nbd-vektron-quick-haul-short-haul\/\"]}]},{\"@type\":\"ImageObject\",\"inLanguage\":\"de\",\"@id\":\"https:\/\/bike-express.ch\/de\/produit\/embouts-p-porte-baggages-gsd-hsd-nbd-vektron-quick-haul-short-haul\/#primaryimage\",\"url\":\"https:\/\/bike-express.ch\/wp-content\/uploads\/2026\/03\/H9019Q_gr.jpg\",\"contentUrl\":\"https:\/\/bike-express.ch\/wp-content\/uploads\/2026\/03\/H9019Q_gr.jpg\",\"width\":1280,\"height\":720},{\"@type\":\"BreadcrumbList\",\"@id\":\"https:\/\/bike-express.ch\/de\/produit\/embouts-p-porte-baggages-gsd-hsd-nbd-vektron-quick-haul-short-haul\/#breadcrumb\",\"itemListElement\":[{\"@type\":\"ListItem\",\"position\":1,\"name\":\"Accueil\",\"item\":\"https:\/\/bike-express.ch\/de\/\"},{\"@type\":\"ListItem\",\"position\":2,\"name\":\"Unsere Produkte\",\"item\":\"https:\/\/bike-express.ch\/de\/unsere-produkte\/\"},{\"@type\":\"ListItem\",\"position\":3,\"name\":\"Embouts p. porte baggages., GSD, HSD, NBD, Vektron, Quick Haul, Short Haul\"}]},{\"@type\":\"WebSite\",\"@id\":\"https:\/\/bike-express.ch\/de\/#website\",\"url\":\"https:\/\/bike-express.ch\/de\/\",\"name\":\"Bike Express\",\"description\":\"Num\u00e9ro 1 des pi\u00e8ces de v\u00e9los en Suisse\",\"potentialAction\":[{\"@type\":\"SearchAction\",\"target\":{\"@type\":\"EntryPoint\",\"urlTemplate\":\"https:\/\/bike-express.ch\/de\/?s={search_term_string}\"},\"query-input\":{\"@type\":\"PropertyValueSpecification\",\"valueRequired\":true,\"valueName\":\"search_term_string\"}}],\"inLanguage\":\"de\"}]}<\/script>\n<!-- \/ Yoast SEO plugin. -->","yoast_head_json":{"title":"Embouts p. porte baggages., GSD, HSD, NBD, Vektron, Quick Haul, Short Haul - Bike Express","robots":{"index,follow":"index,follow"},"canonical":"https:\/\/bike-express.ch\/de\/produit\/embouts-p-porte-baggages-gsd-hsd-nbd-vektron-quick-haul-short-haul\/","og_locale":"de_DE","og_type":"article","og_title":"Embouts p. porte baggages., GSD, HSD, NBD, Vektron, Quick Haul, Short Haul - Bike Express","og_description":"Embouts p. porte baggages., GSD, HSD, NBD, Vektron, Quick Haul, Short Haul","og_url":"https:\/\/bike-express.ch\/de\/produit\/embouts-p-porte-baggages-gsd-hsd-nbd-vektron-quick-haul-short-haul\/","og_site_name":"Bike Express","twitter_card":"summary_large_image","schema":{"@context":"https:\/\/schema.org","@graph":[{"@type":"WebPage","@id":"https:\/\/bike-express.ch\/de\/produit\/embouts-p-porte-baggages-gsd-hsd-nbd-vektron-quick-haul-short-haul\/","url":"https:\/\/bike-express.ch\/de\/produit\/embouts-p-porte-baggages-gsd-hsd-nbd-vektron-quick-haul-short-haul\/","name":"Embouts p. porte baggages., GSD, HSD, NBD, Vektron, Quick Haul, Short Haul - Bike Express","isPartOf":{"@id":"https:\/\/bike-express.ch\/de\/#website"},"primaryImageOfPage":{"@id":"https:\/\/bike-express.ch\/de\/produit\/embouts-p-porte-baggages-gsd-hsd-nbd-vektron-quick-haul-short-haul\/#primaryimage"},"image":{"@id":"https:\/\/bike-express.ch\/de\/produit\/embouts-p-porte-baggages-gsd-hsd-nbd-vektron-quick-haul-short-haul\/#primaryimage"},"thumbnailUrl":"https:\/\/bike-express.ch\/wp-content\/uploads\/2026\/03\/H9019Q_gr.jpg","datePublished":"2026-03-19T14:52:14+00:00","breadcrumb":{"@id":"https:\/\/bike-express.ch\/de\/produit\/embouts-p-porte-baggages-gsd-hsd-nbd-vektron-quick-haul-short-haul\/#breadcrumb"},"inLanguage":"de","potentialAction":[{"@type":"ReadAction","target":["https:\/\/bike-express.ch\/de\/produit\/embouts-p-porte-baggages-gsd-hsd-nbd-vektron-quick-haul-short-haul\/"]}]},{"@type":"ImageObject","inLanguage":"de","@id":"https:\/\/bike-express.ch\/de\/produit\/embouts-p-porte-baggages-gsd-hsd-nbd-vektron-quick-haul-short-haul\/#primaryimage","url":"https:\/\/bike-express.ch\/wp-content\/uploads\/2026\/03\/H9019Q_gr.jpg","contentUrl":"https:\/\/bike-express.ch\/wp-content\/uploads\/2026\/03\/H9019Q_gr.jpg","width":1280,"height":720},{"@type":"BreadcrumbList","@id":"https:\/\/bike-express.ch\/de\/produit\/embouts-p-porte-baggages-gsd-hsd-nbd-vektron-quick-haul-short-haul\/#breadcrumb","itemListElement":[{"@type":"ListItem","position":1,"name":"Accueil","item":"https:\/\/bike-express.ch\/de\/"},{"@type":"ListItem","position":2,"name":"Unsere Produkte","item":"https:\/\/bike-express.ch\/de\/unsere-produkte\/"},{"@type":"ListItem","position":3,"name":"Embouts p. porte baggages., GSD, HSD, NBD, Vektron, Quick Haul, Short Haul"}]},{"@type":"WebSite","@id":"https:\/\/bike-express.ch\/de\/#website","url":"https:\/\/bike-express.ch\/de\/","name":"Bike Express","description":"Num\u00e9ro 1 des pi\u00e8ces de v\u00e9los en Suisse","potentialAction":[{"@type":"SearchAction","target":{"@type":"EntryPoint","urlTemplate":"https:\/\/bike-express.ch\/de\/?s={search_term_string}"},"query-input":{"@type":"PropertyValueSpecification","valueRequired":true,"valueName":"search_term_string"}}],"inLanguage":"de"}]}},"_links":{"self":[{"href":"https:\/\/bike-express.ch\/de\/wp-json\/wp\/v2\/product\/506870","targetHints":{"allow":["GET"]}}],"collection":[{"href":"https:\/\/bike-express.ch\/de\/wp-json\/wp\/v2\/product"}],"about":[{"href":"https:\/\/bike-express.ch\/de\/wp-json\/wp\/v2\/types\/product"}],"wp:featuredmedia":[{"embeddable":true,"href":"https:\/\/bike-express.ch\/de\/wp-json\/wp\/v2\/media\/506867"}],"wp:attachment":[{"href":"https:\/\/bike-express.ch\/de\/wp-json\/wp\/v2\/media?parent=506870"}],"wp:term":[{"taxonomy":"product_brand","embeddable":true,"href":"https:\/\/bike-express.ch\/de\/wp-json\/wp\/v2\/product_brand?post=506870"},{"taxonomy":"product_cat","embeddable":true,"href":"https:\/\/bike-express.ch\/de\/wp-json\/wp\/v2\/product_cat?post=506870"},{"taxonomy":"product_tag","embeddable":true,"href":"https:\/\/bike-express.ch\/de\/wp-json\/wp\/v2\/product_tag?post=506870"}],"curies":[{"name":"wp","href":"https:\/\/api.w.org\/{rel}","templated":true}]}}